{"id":6273,"date":"2023-02-15T16:02:19","date_gmt":"2023-02-15T16:02:19","guid":{"rendered":"https:\/\/mylinensoul.com\/?post_type=product&#038;p=6273"},"modified":"2025-04-15T13:06:34","modified_gmt":"2025-04-15T13:06:34","slug":"solid-alpaca-merino-mohair-maxi-cardigan","status":"publish","type":"product","link":"https:\/\/mylinensoul.com\/en\/product\/solid-alpaca-merino-mohair-maxi-cardigan\/","title":{"rendered":"Maxi alpaca and merino cardigan"},"content":{"rendered":"<p><b>Care:<\/b><\/p>\n<p>\u2022 Hand wash, 30 degrees C (85 degrees F)<br \/>\n\u2022 Dry flat<br \/>\n\u2022 Iron low heat<br \/>\n\u2022 Do not bleach<br \/>\n\u2022 Do not hang<\/p>\n","protected":false},"excerpt":{"rendered":"<p>Ilgas kardiganas moterims pasi\u017eymi solid\u017eiu mezgimu, skirtingais ra\u0161tais, p\u016bstomis rankov\u0117mis ir pasl\u0117ptomis ki\u0161en\u0117mis. Nat\u016bral\u016bs si\u016blai sukuria \u0161ilum\u0105 bei jaukum\u0105, kurie tarnaus ilgus metus.<\/p>\n<p><strong>Sud\u0117tis:<\/strong>\u00a060% merino vilna, 20% moheros vilna, 20% alpakos vilna<\/p>\n<p>Dyd\u017eiai:<\/p>\n<p>\u2022S\/M<br \/>\nKr\u016btin\u0117 100 cm<br \/>\nIlgis 110 cm<\/p>\n<p>\u2022M\/L<br \/>\nKr\u016btin\u0117 120 cm<br \/>\nIlgis\u00a0110 cm<\/p>\n<p>\u2022L\/XL<br \/>\nKr\u016btin\u0117\u00a0130 cm<br \/>\nIlgis\u00a0110 cm<\/p>\n<p>Modelio \u016bgis 172 cm, kardigano dydis S\/M<\/p>\n","protected":false},"featured_media":6278,"comment_status":"open","ping_status":"closed","template":"","meta":{"_acf_changed":false,"footnotes":""},"product_brand":[],"product_cat":[90,95,89],"product_tag":[],"class_list":{"0":"post-6273","1":"product","2":"type-product","3":"status-publish","4":"has-post-thumbnail","6":"product_cat-womens-clothing-wool-clothing","7":"product_cat-wool-cardigans","8":"product_cat-wool-clothing","9":"description-off","11":"first","12":"instock","13":"sale","14":"shipping-taxable","15":"purchasable","16":"product-type-variable"},"acf":[],"yoast_head":"<!-- This site is optimized with the Yoast SEO plugin v26.6 - https:\/\/yoast.com\/wordpress\/plugins\/seo\/ -->\n<title>Maxi alpaca and merino cardigan - My Linen Soul<\/title>\n<meta name=\"description\" content=\"Nat\u016brali\u0173 alpakos, moheros ir merino verpal\u0173 kardiganas moterims. Solidus mezginys pasi\u017eymi p\u016bstomis rankov\u0117mis, turi ki\u0161enes.\" \/>\n<meta name=\"robots\" content=\"index, follow, max-snippet:-1, max-image-preview:large, max-video-preview:-1\" \/>\n<link rel=\"canonical\" href=\"https:\/\/mylinensoul.com\/product\/solid-alpaca-merino-mohair-maxi-cardigan\/\" \/>\n<meta property=\"og:locale\" content=\"en_US\" \/>\n<meta property=\"og:type\" content=\"article\" \/>\n<meta property=\"og:title\" content=\"Maxi alpaca and merino cardigan - My Linen Soul\" \/>\n<meta property=\"og:description\" content=\"Nat\u016brali\u0173 alpakos, moheros ir merino verpal\u0173 kardiganas moterims. Solidus mezginys pasi\u017eymi p\u016bstomis rankov\u0117mis, turi ki\u0161enes.\" \/>\n<meta property=\"og:url\" content=\"https:\/\/mylinensoul.com\/product\/solid-alpaca-merino-mohair-maxi-cardigan\/\" \/>\n<meta property=\"og:site_name\" content=\"My Linen Soul\" \/>\n<meta property=\"article:modified_time\" content=\"2025-04-15T13:06:34+00:00\" \/>\n<meta property=\"og:image\" content=\"https:\/\/mylinensoul.com\/wp-content\/uploads\/2023\/02\/3-1.png\" \/>\n\t<meta property=\"og:image:width\" content=\"1000\" \/>\n\t<meta property=\"og:image:height\" content=\"1500\" \/>\n\t<meta property=\"og:image:type\" content=\"image\/png\" \/>\n<meta name=\"twitter:card\" content=\"summary_large_image\" \/>\n<meta name=\"twitter:label1\" content=\"Est. reading time\" \/>\n\t<meta name=\"twitter:data1\" content=\"1 minute\" \/>\n<script type=\"application\/ld+json\" class=\"yoast-schema-graph\">{\"@context\":\"https:\/\/schema.org\",\"@graph\":[{\"@type\":\"WebPage\",\"@id\":\"https:\/\/mylinensoul.com\/product\/solid-alpaca-merino-mohair-maxi-cardigan\/\",\"url\":\"https:\/\/mylinensoul.com\/product\/solid-alpaca-merino-mohair-maxi-cardigan\/\",\"name\":\"Maxi alpaca and merino cardigan - My Linen Soul\",\"isPartOf\":{\"@id\":\"https:\/\/mylinensoul.com\/#website\"},\"primaryImageOfPage\":{\"@id\":\"https:\/\/mylinensoul.com\/product\/solid-alpaca-merino-mohair-maxi-cardigan\/#primaryimage\"},\"image\":{\"@id\":\"https:\/\/mylinensoul.com\/product\/solid-alpaca-merino-mohair-maxi-cardigan\/#primaryimage\"},\"thumbnailUrl\":\"https:\/\/mylinensoul.com\/wp-content\/uploads\/2023\/02\/3-1.png\",\"datePublished\":\"2023-02-15T16:02:19+00:00\",\"dateModified\":\"2025-04-15T13:06:34+00:00\",\"description\":\"Nat\u016brali\u0173 alpakos, moheros ir merino verpal\u0173 kardiganas moterims. Solidus mezginys pasi\u017eymi p\u016bstomis rankov\u0117mis, turi ki\u0161enes.\",\"breadcrumb\":{\"@id\":\"https:\/\/mylinensoul.com\/product\/solid-alpaca-merino-mohair-maxi-cardigan\/#breadcrumb\"},\"inLanguage\":\"en-US\",\"potentialAction\":[{\"@type\":\"ReadAction\",\"target\":[\"https:\/\/mylinensoul.com\/product\/solid-alpaca-merino-mohair-maxi-cardigan\/\"]}]},{\"@type\":\"ImageObject\",\"inLanguage\":\"en-US\",\"@id\":\"https:\/\/mylinensoul.com\/product\/solid-alpaca-merino-mohair-maxi-cardigan\/#primaryimage\",\"url\":\"https:\/\/mylinensoul.com\/wp-content\/uploads\/2023\/02\/3-1.png\",\"contentUrl\":\"https:\/\/mylinensoul.com\/wp-content\/uploads\/2023\/02\/3-1.png\",\"width\":1000,\"height\":1500,\"caption\":\"puffy sleeve natural wool maxi coat with collar\"},{\"@type\":\"BreadcrumbList\",\"@id\":\"https:\/\/mylinensoul.com\/product\/solid-alpaca-merino-mohair-maxi-cardigan\/#breadcrumb\",\"itemListElement\":[{\"@type\":\"ListItem\",\"position\":1,\"name\":\"Home\",\"item\":\"https:\/\/mylinensoul.com\/en\/\"},{\"@type\":\"ListItem\",\"position\":2,\"name\":\"Shop\",\"item\":\"https:\/\/mylinensoul.com\/shop\/\"},{\"@type\":\"ListItem\",\"position\":3,\"name\":\"Maxi alpaca and merino cardigan\"}]},{\"@type\":\"WebSite\",\"@id\":\"https:\/\/mylinensoul.com\/#website\",\"url\":\"https:\/\/mylinensoul.com\/\",\"name\":\"My Linen Soul\",\"description\":\"Skin soft linen clothes, accessories, bedding &amp; kitchen\",\"potentialAction\":[{\"@type\":\"SearchAction\",\"target\":{\"@type\":\"EntryPoint\",\"urlTemplate\":\"https:\/\/mylinensoul.com\/?s={search_term_string}\"},\"query-input\":{\"@type\":\"PropertyValueSpecification\",\"valueRequired\":true,\"valueName\":\"search_term_string\"}}],\"inLanguage\":\"en-US\"}]}<\/script>\n<!-- \/ Yoast SEO plugin. -->","yoast_head_json":{"title":"Maxi alpaca and merino cardigan - My Linen Soul","description":"Nat\u016brali\u0173 alpakos, moheros ir merino verpal\u0173 kardiganas moterims. Solidus mezginys pasi\u017eymi p\u016bstomis rankov\u0117mis, turi ki\u0161enes.","robots":{"index":"index","follow":"follow","max-snippet":"max-snippet:-1","max-image-preview":"max-image-preview:large","max-video-preview":"max-video-preview:-1"},"canonical":"https:\/\/mylinensoul.com\/product\/solid-alpaca-merino-mohair-maxi-cardigan\/","og_locale":"en_US","og_type":"article","og_title":"Maxi alpaca and merino cardigan - My Linen Soul","og_description":"Nat\u016brali\u0173 alpakos, moheros ir merino verpal\u0173 kardiganas moterims. Solidus mezginys pasi\u017eymi p\u016bstomis rankov\u0117mis, turi ki\u0161enes.","og_url":"https:\/\/mylinensoul.com\/product\/solid-alpaca-merino-mohair-maxi-cardigan\/","og_site_name":"My Linen Soul","article_modified_time":"2025-04-15T13:06:34+00:00","og_image":[{"width":1000,"height":1500,"url":"https:\/\/mylinensoul.com\/wp-content\/uploads\/2023\/02\/3-1.png","type":"image\/png"}],"twitter_card":"summary_large_image","twitter_misc":{"Est. reading time":"1 minute"},"schema":{"@context":"https:\/\/schema.org","@graph":[{"@type":"WebPage","@id":"https:\/\/mylinensoul.com\/product\/solid-alpaca-merino-mohair-maxi-cardigan\/","url":"https:\/\/mylinensoul.com\/product\/solid-alpaca-merino-mohair-maxi-cardigan\/","name":"Maxi alpaca and merino cardigan - My Linen Soul","isPartOf":{"@id":"https:\/\/mylinensoul.com\/#website"},"primaryImageOfPage":{"@id":"https:\/\/mylinensoul.com\/product\/solid-alpaca-merino-mohair-maxi-cardigan\/#primaryimage"},"image":{"@id":"https:\/\/mylinensoul.com\/product\/solid-alpaca-merino-mohair-maxi-cardigan\/#primaryimage"},"thumbnailUrl":"https:\/\/mylinensoul.com\/wp-content\/uploads\/2023\/02\/3-1.png","datePublished":"2023-02-15T16:02:19+00:00","dateModified":"2025-04-15T13:06:34+00:00","description":"Nat\u016brali\u0173 alpakos, moheros ir merino verpal\u0173 kardiganas moterims. Solidus mezginys pasi\u017eymi p\u016bstomis rankov\u0117mis, turi ki\u0161enes.","breadcrumb":{"@id":"https:\/\/mylinensoul.com\/product\/solid-alpaca-merino-mohair-maxi-cardigan\/#breadcrumb"},"inLanguage":"en-US","potentialAction":[{"@type":"ReadAction","target":["https:\/\/mylinensoul.com\/product\/solid-alpaca-merino-mohair-maxi-cardigan\/"]}]},{"@type":"ImageObject","inLanguage":"en-US","@id":"https:\/\/mylinensoul.com\/product\/solid-alpaca-merino-mohair-maxi-cardigan\/#primaryimage","url":"https:\/\/mylinensoul.com\/wp-content\/uploads\/2023\/02\/3-1.png","contentUrl":"https:\/\/mylinensoul.com\/wp-content\/uploads\/2023\/02\/3-1.png","width":1000,"height":1500,"caption":"puffy sleeve natural wool maxi coat with collar"},{"@type":"BreadcrumbList","@id":"https:\/\/mylinensoul.com\/product\/solid-alpaca-merino-mohair-maxi-cardigan\/#breadcrumb","itemListElement":[{"@type":"ListItem","position":1,"name":"Home","item":"https:\/\/mylinensoul.com\/en\/"},{"@type":"ListItem","position":2,"name":"Shop","item":"https:\/\/mylinensoul.com\/shop\/"},{"@type":"ListItem","position":3,"name":"Maxi alpaca and merino cardigan"}]},{"@type":"WebSite","@id":"https:\/\/mylinensoul.com\/#website","url":"https:\/\/mylinensoul.com\/","name":"My Linen Soul","description":"Skin soft linen clothes, accessories, bedding &amp; kitchen","potentialAction":[{"@type":"SearchAction","target":{"@type":"EntryPoint","urlTemplate":"https:\/\/mylinensoul.com\/?s={search_term_string}"},"query-input":{"@type":"PropertyValueSpecification","valueRequired":true,"valueName":"search_term_string"}}],"inLanguage":"en-US"}]}},"_links":{"self":[{"href":"https:\/\/mylinensoul.com\/en\/wp-json\/wp\/v2\/product\/6273","targetHints":{"allow":["GET"]}}],"collection":[{"href":"https:\/\/mylinensoul.com\/en\/wp-json\/wp\/v2\/product"}],"about":[{"href":"https:\/\/mylinensoul.com\/en\/wp-json\/wp\/v2\/types\/product"}],"replies":[{"embeddable":true,"href":"https:\/\/mylinensoul.com\/en\/wp-json\/wp\/v2\/comments?post=6273"}],"version-history":[{"count":1,"href":"https:\/\/mylinensoul.com\/en\/wp-json\/wp\/v2\/product\/6273\/revisions"}],"predecessor-version":[{"id":111373,"href":"https:\/\/mylinensoul.com\/en\/wp-json\/wp\/v2\/product\/6273\/revisions\/111373"}],"wp:featuredmedia":[{"embeddable":true,"href":"https:\/\/mylinensoul.com\/en\/wp-json\/wp\/v2\/media\/6278"}],"wp:attachment":[{"href":"https:\/\/mylinensoul.com\/en\/wp-json\/wp\/v2\/media?parent=6273"}],"wp:term":[{"taxonomy":"product_brand","embeddable":true,"href":"https:\/\/mylinensoul.com\/en\/wp-json\/wp\/v2\/product_brand?post=6273"},{"taxonomy":"product_cat","embeddable":true,"href":"https:\/\/mylinensoul.com\/en\/wp-json\/wp\/v2\/product_cat?post=6273"},{"taxonomy":"product_tag","embeddable":true,"href":"https:\/\/mylinensoul.com\/en\/wp-json\/wp\/v2\/product_tag?post=6273"}],"curies":[{"name":"wp","href":"https:\/\/api.w.org\/{rel}","templated":true}]}}