{"id":46302,"date":"2023-07-17T17:20:14","date_gmt":"2023-07-17T17:20:14","guid":{"rendered":"https:\/\/mylinensoul.com\/product\/lino-ir-medvilnes-papludimio-poncas-kopa-peach\/"},"modified":"2025-04-15T13:06:31","modified_gmt":"2025-04-15T13:06:31","slug":"linen-and-cotton-oversized-poncho-kopa-peach","status":"publish","type":"product","link":"https:\/\/mylinensoul.com\/en\/product\/linen-and-cotton-oversized-poncho-kopa-peach\/","title":{"rendered":"Linen and cotton oversized poncho KOPA peach"},"content":{"rendered":"<p><strong>LINEN care instructions:<\/strong><\/p>\n<p>\u00b7 Wash your linen at max. 40\u00b0C with similar colours.<\/p>\n<p>\u00b7 Do not tumble dry, do not bleach.<\/p>\n<p>\u00b7 Iron at high heat with steam on slightly damp linen.<\/p>\n","protected":false},"excerpt":{"rendered":"<p>Effortless, minimalist and extremely cozy waffle linen oversized poncho is handmade for your summer adventures. Water lover gift is perfect for family weekends at home or active outdoor time. Big linen and cotton hooded unisex poncho festures cosy hoody, side pockets and side splits.<\/p>\n<p>Model s 175 cm, wearing size XL\/XXL<\/p>\n<p><strong>Composition:<\/strong> 53% linen, 47% cotton<\/p>\n<p>&nbsp;<\/p>\n","protected":false},"featured_media":15517,"comment_status":"open","ping_status":"closed","template":"","meta":{"_acf_changed":false,"footnotes":""},"product_brand":[],"product_cat":[539,70,71],"product_tag":[],"class_list":{"0":"post-46302","1":"product","2":"type-product","3":"status-publish","4":"has-post-thumbnail","6":"product_cat-beachwear","7":"product_cat-linen-clothing","8":"product_cat-womens-clothing","9":"description-off","11":"first","12":"instock","13":"shipping-taxable","14":"purchasable","15":"product-type-variable"},"acf":[],"yoast_head":"<!-- This site is optimized with the Yoast SEO plugin v26.6 - https:\/\/yoast.com\/wordpress\/plugins\/seo\/ -->\n<title>Linen and cotton oversized poncho KOPA peach - My Linen Soul<\/title>\n<meta name=\"description\" content=\"Oversized and extremely cosy hooded poncho is perfect for indoor or outdoor wearing. Lightweight poncho features side pockets.\" \/>\n<meta name=\"robots\" content=\"index, follow, max-snippet:-1, max-image-preview:large, max-video-preview:-1\" \/>\n<link rel=\"canonical\" href=\"https:\/\/mylinensoul.com\/product\/lino-ir-medvilnes-papludimio-poncas-kopa-peach\/\" \/>\n<meta property=\"og:locale\" content=\"en_US\" \/>\n<meta property=\"og:type\" content=\"article\" \/>\n<meta property=\"og:title\" content=\"Linen and cotton oversized poncho KOPA peach - My Linen Soul\" \/>\n<meta property=\"og:description\" content=\"Oversized and extremely cosy hooded poncho is perfect for indoor or outdoor wearing. Lightweight poncho features side pockets.\" \/>\n<meta property=\"og:url\" content=\"https:\/\/mylinensoul.com\/product\/lino-ir-medvilnes-papludimio-poncas-kopa-peach\/\" \/>\n<meta property=\"og:site_name\" content=\"My Linen Soul\" \/>\n<meta property=\"article:modified_time\" content=\"2025-04-15T13:06:31+00:00\" \/>\n<meta property=\"og:image\" content=\"https:\/\/mylinensoul.com\/wp-content\/uploads\/2023\/07\/papludimio-poncas-moterims.jpg\" \/>\n\t<meta property=\"og:image:width\" content=\"1000\" \/>\n\t<meta property=\"og:image:height\" content=\"1500\" \/>\n\t<meta property=\"og:image:type\" content=\"image\/jpeg\" \/>\n<meta name=\"twitter:card\" content=\"summary_large_image\" \/>\n<meta name=\"twitter:label1\" content=\"Est. reading time\" \/>\n\t<meta name=\"twitter:data1\" content=\"1 minute\" \/>\n<script type=\"application\/ld+json\" class=\"yoast-schema-graph\">{\"@context\":\"https:\/\/schema.org\",\"@graph\":[{\"@type\":\"WebPage\",\"@id\":\"https:\/\/mylinensoul.com\/product\/lino-ir-medvilnes-papludimio-poncas-kopa-peach\/\",\"url\":\"https:\/\/mylinensoul.com\/product\/lino-ir-medvilnes-papludimio-poncas-kopa-peach\/\",\"name\":\"Linen and cotton oversized poncho KOPA peach - My Linen Soul\",\"isPartOf\":{\"@id\":\"https:\/\/mylinensoul.com\/#website\"},\"primaryImageOfPage\":{\"@id\":\"https:\/\/mylinensoul.com\/product\/lino-ir-medvilnes-papludimio-poncas-kopa-peach\/#primaryimage\"},\"image\":{\"@id\":\"https:\/\/mylinensoul.com\/product\/lino-ir-medvilnes-papludimio-poncas-kopa-peach\/#primaryimage\"},\"thumbnailUrl\":\"https:\/\/mylinensoul.com\/wp-content\/uploads\/2023\/07\/papludimio-poncas-moterims.jpg\",\"datePublished\":\"2023-07-17T17:20:14+00:00\",\"dateModified\":\"2025-04-15T13:06:31+00:00\",\"description\":\"Oversized and extremely cosy hooded poncho is perfect for indoor or outdoor wearing. Lightweight poncho features side pockets.\",\"breadcrumb\":{\"@id\":\"https:\/\/mylinensoul.com\/product\/lino-ir-medvilnes-papludimio-poncas-kopa-peach\/#breadcrumb\"},\"inLanguage\":\"en-US\",\"potentialAction\":[{\"@type\":\"ReadAction\",\"target\":[\"https:\/\/mylinensoul.com\/product\/lino-ir-medvilnes-papludimio-poncas-kopa-peach\/\"]}]},{\"@type\":\"ImageObject\",\"inLanguage\":\"en-US\",\"@id\":\"https:\/\/mylinensoul.com\/product\/lino-ir-medvilnes-papludimio-poncas-kopa-peach\/#primaryimage\",\"url\":\"https:\/\/mylinensoul.com\/wp-content\/uploads\/2023\/07\/papludimio-poncas-moterims.jpg\",\"contentUrl\":\"https:\/\/mylinensoul.com\/wp-content\/uploads\/2023\/07\/papludimio-poncas-moterims.jpg\",\"width\":1000,\"height\":1500,\"caption\":\"moteri\u0161kas papl\u016bdimio pon\u010das\"},{\"@type\":\"BreadcrumbList\",\"@id\":\"https:\/\/mylinensoul.com\/product\/lino-ir-medvilnes-papludimio-poncas-kopa-peach\/#breadcrumb\",\"itemListElement\":[{\"@type\":\"ListItem\",\"position\":1,\"name\":\"Home\",\"item\":\"https:\/\/mylinensoul.com\/en\/\"},{\"@type\":\"ListItem\",\"position\":2,\"name\":\"Shop\",\"item\":\"https:\/\/mylinensoul.com\/shop\/\"},{\"@type\":\"ListItem\",\"position\":3,\"name\":\"Linen and cotton oversized poncho KOPA peach\"}]},{\"@type\":\"WebSite\",\"@id\":\"https:\/\/mylinensoul.com\/#website\",\"url\":\"https:\/\/mylinensoul.com\/\",\"name\":\"My Linen Soul\",\"description\":\"Skin soft linen clothes, accessories, bedding &amp; kitchen\",\"potentialAction\":[{\"@type\":\"SearchAction\",\"target\":{\"@type\":\"EntryPoint\",\"urlTemplate\":\"https:\/\/mylinensoul.com\/?s={search_term_string}\"},\"query-input\":{\"@type\":\"PropertyValueSpecification\",\"valueRequired\":true,\"valueName\":\"search_term_string\"}}],\"inLanguage\":\"en-US\"}]}<\/script>\n<!-- \/ Yoast SEO plugin. -->","yoast_head_json":{"title":"Linen and cotton oversized poncho KOPA peach - My Linen Soul","description":"Oversized and extremely cosy hooded poncho is perfect for indoor or outdoor wearing. Lightweight poncho features side pockets.","robots":{"index":"index","follow":"follow","max-snippet":"max-snippet:-1","max-image-preview":"max-image-preview:large","max-video-preview":"max-video-preview:-1"},"canonical":"https:\/\/mylinensoul.com\/product\/lino-ir-medvilnes-papludimio-poncas-kopa-peach\/","og_locale":"en_US","og_type":"article","og_title":"Linen and cotton oversized poncho KOPA peach - My Linen Soul","og_description":"Oversized and extremely cosy hooded poncho is perfect for indoor or outdoor wearing. Lightweight poncho features side pockets.","og_url":"https:\/\/mylinensoul.com\/product\/lino-ir-medvilnes-papludimio-poncas-kopa-peach\/","og_site_name":"My Linen Soul","article_modified_time":"2025-04-15T13:06:31+00:00","og_image":[{"width":1000,"height":1500,"url":"https:\/\/mylinensoul.com\/wp-content\/uploads\/2023\/07\/papludimio-poncas-moterims.jpg","type":"image\/jpeg"}],"twitter_card":"summary_large_image","twitter_misc":{"Est. reading time":"1 minute"},"schema":{"@context":"https:\/\/schema.org","@graph":[{"@type":"WebPage","@id":"https:\/\/mylinensoul.com\/product\/lino-ir-medvilnes-papludimio-poncas-kopa-peach\/","url":"https:\/\/mylinensoul.com\/product\/lino-ir-medvilnes-papludimio-poncas-kopa-peach\/","name":"Linen and cotton oversized poncho KOPA peach - My Linen Soul","isPartOf":{"@id":"https:\/\/mylinensoul.com\/#website"},"primaryImageOfPage":{"@id":"https:\/\/mylinensoul.com\/product\/lino-ir-medvilnes-papludimio-poncas-kopa-peach\/#primaryimage"},"image":{"@id":"https:\/\/mylinensoul.com\/product\/lino-ir-medvilnes-papludimio-poncas-kopa-peach\/#primaryimage"},"thumbnailUrl":"https:\/\/mylinensoul.com\/wp-content\/uploads\/2023\/07\/papludimio-poncas-moterims.jpg","datePublished":"2023-07-17T17:20:14+00:00","dateModified":"2025-04-15T13:06:31+00:00","description":"Oversized and extremely cosy hooded poncho is perfect for indoor or outdoor wearing. Lightweight poncho features side pockets.","breadcrumb":{"@id":"https:\/\/mylinensoul.com\/product\/lino-ir-medvilnes-papludimio-poncas-kopa-peach\/#breadcrumb"},"inLanguage":"en-US","potentialAction":[{"@type":"ReadAction","target":["https:\/\/mylinensoul.com\/product\/lino-ir-medvilnes-papludimio-poncas-kopa-peach\/"]}]},{"@type":"ImageObject","inLanguage":"en-US","@id":"https:\/\/mylinensoul.com\/product\/lino-ir-medvilnes-papludimio-poncas-kopa-peach\/#primaryimage","url":"https:\/\/mylinensoul.com\/wp-content\/uploads\/2023\/07\/papludimio-poncas-moterims.jpg","contentUrl":"https:\/\/mylinensoul.com\/wp-content\/uploads\/2023\/07\/papludimio-poncas-moterims.jpg","width":1000,"height":1500,"caption":"moteri\u0161kas papl\u016bdimio pon\u010das"},{"@type":"BreadcrumbList","@id":"https:\/\/mylinensoul.com\/product\/lino-ir-medvilnes-papludimio-poncas-kopa-peach\/#breadcrumb","itemListElement":[{"@type":"ListItem","position":1,"name":"Home","item":"https:\/\/mylinensoul.com\/en\/"},{"@type":"ListItem","position":2,"name":"Shop","item":"https:\/\/mylinensoul.com\/shop\/"},{"@type":"ListItem","position":3,"name":"Linen and cotton oversized poncho KOPA peach"}]},{"@type":"WebSite","@id":"https:\/\/mylinensoul.com\/#website","url":"https:\/\/mylinensoul.com\/","name":"My Linen Soul","description":"Skin soft linen clothes, accessories, bedding &amp; kitchen","potentialAction":[{"@type":"SearchAction","target":{"@type":"EntryPoint","urlTemplate":"https:\/\/mylinensoul.com\/?s={search_term_string}"},"query-input":{"@type":"PropertyValueSpecification","valueRequired":true,"valueName":"search_term_string"}}],"inLanguage":"en-US"}]}},"_links":{"self":[{"href":"https:\/\/mylinensoul.com\/en\/wp-json\/wp\/v2\/product\/46302","targetHints":{"allow":["GET"]}}],"collection":[{"href":"https:\/\/mylinensoul.com\/en\/wp-json\/wp\/v2\/product"}],"about":[{"href":"https:\/\/mylinensoul.com\/en\/wp-json\/wp\/v2\/types\/product"}],"replies":[{"embeddable":true,"href":"https:\/\/mylinensoul.com\/en\/wp-json\/wp\/v2\/comments?post=46302"}],"version-history":[{"count":1,"href":"https:\/\/mylinensoul.com\/en\/wp-json\/wp\/v2\/product\/46302\/revisions"}],"predecessor-version":[{"id":53606,"href":"https:\/\/mylinensoul.com\/en\/wp-json\/wp\/v2\/product\/46302\/revisions\/53606"}],"wp:featuredmedia":[{"embeddable":true,"href":"https:\/\/mylinensoul.com\/en\/wp-json\/wp\/v2\/media\/15517"}],"wp:attachment":[{"href":"https:\/\/mylinensoul.com\/en\/wp-json\/wp\/v2\/media?parent=46302"}],"wp:term":[{"taxonomy":"product_brand","embeddable":true,"href":"https:\/\/mylinensoul.com\/en\/wp-json\/wp\/v2\/product_brand?post=46302"},{"taxonomy":"product_cat","embeddable":true,"href":"https:\/\/mylinensoul.com\/en\/wp-json\/wp\/v2\/product_cat?post=46302"},{"taxonomy":"product_tag","embeddable":true,"href":"https:\/\/mylinensoul.com\/en\/wp-json\/wp\/v2\/product_tag?post=46302"}],"curies":[{"name":"wp","href":"https:\/\/api.w.org\/{rel}","templated":true}]}}