{"id":3771,"date":"2022-12-12T16:19:52","date_gmt":"2022-12-12T16:19:52","guid":{"rendered":"https:\/\/mylinensoul.com\/?post_type=product&#038;p=3771"},"modified":"2025-04-15T13:06:37","modified_gmt":"2025-04-15T13:06:37","slug":"knitted-merino-wool-leggings-taute-dark-blue","status":"publish","type":"product","link":"https:\/\/mylinensoul.com\/en\/product\/knitted-merino-wool-leggings-taute-dark-blue\/","title":{"rendered":"Knitted merino wool leggings TAUTE dark blue"},"content":{"rendered":"<p><b>Care:<\/b><\/p>\n<p>\u2022 Hand wash, 30 degrees C (85 degrees F)<br \/>\n\u2022 Dry flat<br \/>\n\u2022 Iron low heat<br \/>\n\u2022 Do not bleach<br \/>\n\u2022 Do not hang<\/p>\n<p><b>Customization:<\/b> feel free to contact us so we could discuss possible custom orders.<\/p>\n<p>&nbsp;<\/p>\n","protected":false},"excerpt":{"rendered":"<p>There pure merino yarns leggings are for warm and cosy wearing. Comfortable joggers are stretchy, they will not restrict your movements. Perfect for wearing at home, family trips or after skiing. Itchy-free merino wool delivers second skin feeling.<\/p>\n<p>Composition: 100% soft merino wool<\/p>\n","protected":false},"featured_media":3833,"comment_status":"open","ping_status":"closed","template":"","meta":{"_acf_changed":false,"footnotes":""},"product_brand":[],"product_cat":[90,89,93],"product_tag":[],"class_list":{"0":"post-3771","1":"product","2":"type-product","3":"status-publish","4":"has-post-thumbnail","6":"product_cat-womens-clothing-wool-clothing","7":"product_cat-wool-clothing","8":"product_cat-wool-pants","9":"description-off","11":"first","12":"instock","13":"sale","14":"shipping-taxable","15":"purchasable","16":"product-type-variable"},"acf":[],"yoast_head":"<!-- This site is optimized with the Yoast SEO plugin v26.6 - https:\/\/yoast.com\/wordpress\/plugins\/seo\/ -->\n<title>Knitted merino wool leggings TAUTE dark blue - My Linen Soul<\/title>\n<meta name=\"description\" content=\"Odai \u0161velnios merino vilnos tampr\u0117s su mink\u0161ta, elastinga juosmen\u012f juosian\u010dia guma. Moteri\u0161kos tampr\u0117s auk\u0161tu liemeniu, \u0161iltos ir nedirgina odos.\" \/>\n<meta name=\"robots\" content=\"index, follow, max-snippet:-1, max-image-preview:large, max-video-preview:-1\" \/>\n<link rel=\"canonical\" href=\"https:\/\/mylinensoul.com\/product\/megztos-merino-vilnos-tampres-taute-dark-blue\/\" \/>\n<meta property=\"og:locale\" content=\"en_US\" \/>\n<meta property=\"og:type\" content=\"article\" \/>\n<meta property=\"og:title\" content=\"Knitted merino wool leggings TAUTE dark blue - My Linen Soul\" \/>\n<meta property=\"og:description\" content=\"Odai \u0161velnios merino vilnos tampr\u0117s su mink\u0161ta, elastinga juosmen\u012f juosian\u010dia guma. Moteri\u0161kos tampr\u0117s auk\u0161tu liemeniu, \u0161iltos ir nedirgina odos.\" \/>\n<meta property=\"og:url\" content=\"https:\/\/mylinensoul.com\/product\/megztos-merino-vilnos-tampres-taute-dark-blue\/\" \/>\n<meta property=\"og:site_name\" content=\"My Linen Soul\" \/>\n<meta property=\"article:modified_time\" content=\"2025-04-15T13:06:37+00:00\" \/>\n<meta property=\"og:image\" content=\"https:\/\/mylinensoul.com\/wp-content\/uploads\/2022\/12\/merino-wool-tights1.jpg\" \/>\n\t<meta property=\"og:image:width\" content=\"1000\" \/>\n\t<meta property=\"og:image:height\" content=\"1500\" \/>\n\t<meta property=\"og:image:type\" content=\"image\/jpeg\" \/>\n<meta name=\"twitter:card\" content=\"summary_large_image\" \/>\n<meta name=\"twitter:label1\" content=\"Est. reading time\" \/>\n\t<meta name=\"twitter:data1\" content=\"1 minute\" \/>\n<script type=\"application\/ld+json\" class=\"yoast-schema-graph\">{\"@context\":\"https:\/\/schema.org\",\"@graph\":[{\"@type\":\"WebPage\",\"@id\":\"https:\/\/mylinensoul.com\/product\/megztos-merino-vilnos-tampres-taute-dark-blue\/\",\"url\":\"https:\/\/mylinensoul.com\/product\/megztos-merino-vilnos-tampres-taute-dark-blue\/\",\"name\":\"Knitted merino wool leggings TAUTE dark blue - My Linen Soul\",\"isPartOf\":{\"@id\":\"https:\/\/mylinensoul.com\/#website\"},\"primaryImageOfPage\":{\"@id\":\"https:\/\/mylinensoul.com\/product\/megztos-merino-vilnos-tampres-taute-dark-blue\/#primaryimage\"},\"image\":{\"@id\":\"https:\/\/mylinensoul.com\/product\/megztos-merino-vilnos-tampres-taute-dark-blue\/#primaryimage\"},\"thumbnailUrl\":\"https:\/\/mylinensoul.com\/wp-content\/uploads\/2022\/12\/merino-wool-tights1.jpg\",\"datePublished\":\"2022-12-12T16:19:52+00:00\",\"dateModified\":\"2025-04-15T13:06:37+00:00\",\"description\":\"Odai \u0161velnios merino vilnos tampr\u0117s su mink\u0161ta, elastinga juosmen\u012f juosian\u010dia guma. Moteri\u0161kos tampr\u0117s auk\u0161tu liemeniu, \u0161iltos ir nedirgina odos.\",\"breadcrumb\":{\"@id\":\"https:\/\/mylinensoul.com\/product\/megztos-merino-vilnos-tampres-taute-dark-blue\/#breadcrumb\"},\"inLanguage\":\"en-US\",\"potentialAction\":[{\"@type\":\"ReadAction\",\"target\":[\"https:\/\/mylinensoul.com\/product\/megztos-merino-vilnos-tampres-taute-dark-blue\/\"]}]},{\"@type\":\"ImageObject\",\"inLanguage\":\"en-US\",\"@id\":\"https:\/\/mylinensoul.com\/product\/megztos-merino-vilnos-tampres-taute-dark-blue\/#primaryimage\",\"url\":\"https:\/\/mylinensoul.com\/wp-content\/uploads\/2022\/12\/merino-wool-tights1.jpg\",\"contentUrl\":\"https:\/\/mylinensoul.com\/wp-content\/uploads\/2022\/12\/merino-wool-tights1.jpg\",\"width\":1000,\"height\":1500,\"caption\":\"knitted merino wool women tights\"},{\"@type\":\"BreadcrumbList\",\"@id\":\"https:\/\/mylinensoul.com\/product\/megztos-merino-vilnos-tampres-taute-dark-blue\/#breadcrumb\",\"itemListElement\":[{\"@type\":\"ListItem\",\"position\":1,\"name\":\"Home\",\"item\":\"https:\/\/mylinensoul.com\/en\/\"},{\"@type\":\"ListItem\",\"position\":2,\"name\":\"Shop\",\"item\":\"https:\/\/mylinensoul.com\/shop\/\"},{\"@type\":\"ListItem\",\"position\":3,\"name\":\"Knitted merino wool leggings TAUTE dark blue\"}]},{\"@type\":\"WebSite\",\"@id\":\"https:\/\/mylinensoul.com\/#website\",\"url\":\"https:\/\/mylinensoul.com\/\",\"name\":\"My Linen Soul\",\"description\":\"Skin soft linen clothes, accessories, bedding &amp; kitchen\",\"potentialAction\":[{\"@type\":\"SearchAction\",\"target\":{\"@type\":\"EntryPoint\",\"urlTemplate\":\"https:\/\/mylinensoul.com\/?s={search_term_string}\"},\"query-input\":{\"@type\":\"PropertyValueSpecification\",\"valueRequired\":true,\"valueName\":\"search_term_string\"}}],\"inLanguage\":\"en-US\"}]}<\/script>\n<!-- \/ Yoast SEO plugin. -->","yoast_head_json":{"title":"Knitted merino wool leggings TAUTE dark blue - My Linen Soul","description":"Odai \u0161velnios merino vilnos tampr\u0117s su mink\u0161ta, elastinga juosmen\u012f juosian\u010dia guma. Moteri\u0161kos tampr\u0117s auk\u0161tu liemeniu, \u0161iltos ir nedirgina odos.","robots":{"index":"index","follow":"follow","max-snippet":"max-snippet:-1","max-image-preview":"max-image-preview:large","max-video-preview":"max-video-preview:-1"},"canonical":"https:\/\/mylinensoul.com\/product\/megztos-merino-vilnos-tampres-taute-dark-blue\/","og_locale":"en_US","og_type":"article","og_title":"Knitted merino wool leggings TAUTE dark blue - My Linen Soul","og_description":"Odai \u0161velnios merino vilnos tampr\u0117s su mink\u0161ta, elastinga juosmen\u012f juosian\u010dia guma. Moteri\u0161kos tampr\u0117s auk\u0161tu liemeniu, \u0161iltos ir nedirgina odos.","og_url":"https:\/\/mylinensoul.com\/product\/megztos-merino-vilnos-tampres-taute-dark-blue\/","og_site_name":"My Linen Soul","article_modified_time":"2025-04-15T13:06:37+00:00","og_image":[{"width":1000,"height":1500,"url":"https:\/\/mylinensoul.com\/wp-content\/uploads\/2022\/12\/merino-wool-tights1.jpg","type":"image\/jpeg"}],"twitter_card":"summary_large_image","twitter_misc":{"Est. reading time":"1 minute"},"schema":{"@context":"https:\/\/schema.org","@graph":[{"@type":"WebPage","@id":"https:\/\/mylinensoul.com\/product\/megztos-merino-vilnos-tampres-taute-dark-blue\/","url":"https:\/\/mylinensoul.com\/product\/megztos-merino-vilnos-tampres-taute-dark-blue\/","name":"Knitted merino wool leggings TAUTE dark blue - My Linen Soul","isPartOf":{"@id":"https:\/\/mylinensoul.com\/#website"},"primaryImageOfPage":{"@id":"https:\/\/mylinensoul.com\/product\/megztos-merino-vilnos-tampres-taute-dark-blue\/#primaryimage"},"image":{"@id":"https:\/\/mylinensoul.com\/product\/megztos-merino-vilnos-tampres-taute-dark-blue\/#primaryimage"},"thumbnailUrl":"https:\/\/mylinensoul.com\/wp-content\/uploads\/2022\/12\/merino-wool-tights1.jpg","datePublished":"2022-12-12T16:19:52+00:00","dateModified":"2025-04-15T13:06:37+00:00","description":"Odai \u0161velnios merino vilnos tampr\u0117s su mink\u0161ta, elastinga juosmen\u012f juosian\u010dia guma. Moteri\u0161kos tampr\u0117s auk\u0161tu liemeniu, \u0161iltos ir nedirgina odos.","breadcrumb":{"@id":"https:\/\/mylinensoul.com\/product\/megztos-merino-vilnos-tampres-taute-dark-blue\/#breadcrumb"},"inLanguage":"en-US","potentialAction":[{"@type":"ReadAction","target":["https:\/\/mylinensoul.com\/product\/megztos-merino-vilnos-tampres-taute-dark-blue\/"]}]},{"@type":"ImageObject","inLanguage":"en-US","@id":"https:\/\/mylinensoul.com\/product\/megztos-merino-vilnos-tampres-taute-dark-blue\/#primaryimage","url":"https:\/\/mylinensoul.com\/wp-content\/uploads\/2022\/12\/merino-wool-tights1.jpg","contentUrl":"https:\/\/mylinensoul.com\/wp-content\/uploads\/2022\/12\/merino-wool-tights1.jpg","width":1000,"height":1500,"caption":"knitted merino wool women tights"},{"@type":"BreadcrumbList","@id":"https:\/\/mylinensoul.com\/product\/megztos-merino-vilnos-tampres-taute-dark-blue\/#breadcrumb","itemListElement":[{"@type":"ListItem","position":1,"name":"Home","item":"https:\/\/mylinensoul.com\/en\/"},{"@type":"ListItem","position":2,"name":"Shop","item":"https:\/\/mylinensoul.com\/shop\/"},{"@type":"ListItem","position":3,"name":"Knitted merino wool leggings TAUTE dark blue"}]},{"@type":"WebSite","@id":"https:\/\/mylinensoul.com\/#website","url":"https:\/\/mylinensoul.com\/","name":"My Linen Soul","description":"Skin soft linen clothes, accessories, bedding &amp; kitchen","potentialAction":[{"@type":"SearchAction","target":{"@type":"EntryPoint","urlTemplate":"https:\/\/mylinensoul.com\/?s={search_term_string}"},"query-input":{"@type":"PropertyValueSpecification","valueRequired":true,"valueName":"search_term_string"}}],"inLanguage":"en-US"}]}},"_links":{"self":[{"href":"https:\/\/mylinensoul.com\/en\/wp-json\/wp\/v2\/product\/3771","targetHints":{"allow":["GET"]}}],"collection":[{"href":"https:\/\/mylinensoul.com\/en\/wp-json\/wp\/v2\/product"}],"about":[{"href":"https:\/\/mylinensoul.com\/en\/wp-json\/wp\/v2\/types\/product"}],"replies":[{"embeddable":true,"href":"https:\/\/mylinensoul.com\/en\/wp-json\/wp\/v2\/comments?post=3771"}],"version-history":[{"count":2,"href":"https:\/\/mylinensoul.com\/en\/wp-json\/wp\/v2\/product\/3771\/revisions"}],"predecessor-version":[{"id":69727,"href":"https:\/\/mylinensoul.com\/en\/wp-json\/wp\/v2\/product\/3771\/revisions\/69727"}],"wp:featuredmedia":[{"embeddable":true,"href":"https:\/\/mylinensoul.com\/en\/wp-json\/wp\/v2\/media\/3833"}],"wp:attachment":[{"href":"https:\/\/mylinensoul.com\/en\/wp-json\/wp\/v2\/media?parent=3771"}],"wp:term":[{"taxonomy":"product_brand","embeddable":true,"href":"https:\/\/mylinensoul.com\/en\/wp-json\/wp\/v2\/product_brand?post=3771"},{"taxonomy":"product_cat","embeddable":true,"href":"https:\/\/mylinensoul.com\/en\/wp-json\/wp\/v2\/product_cat?post=3771"},{"taxonomy":"product_tag","embeddable":true,"href":"https:\/\/mylinensoul.com\/en\/wp-json\/wp\/v2\/product_tag?post=3771"}],"curies":[{"name":"wp","href":"https:\/\/api.w.org\/{rel}","templated":true}]}}