{"id":3499,"date":"2022-12-05T18:05:54","date_gmt":"2022-12-05T18:05:54","guid":{"rendered":"https:\/\/mylinensoul.com\/?post_type=product&#038;p=3499"},"modified":"2026-01-11T15:51:47","modified_gmt":"2026-01-11T15:51:47","slug":"merino-vilnos-megztinis-2","status":"publish","type":"product","link":"https:\/\/mylinensoul.com\/en\/product\/merino-vilnos-megztinis-2\/","title":{"rendered":"Merino vilnos megztinis"},"content":{"rendered":"<p><strong>Prie\u017ei\u016bra:<\/strong><\/p>\n<p>\u2022 Sausas valymas arba plovimas rankomis v\u0117siame vandenyje<\/p>\n<p>\u2022 Naudokite vilnai tinkam\u0105 plovikl\u012f<\/p>\n<p>\u2022 Ned\u017eiovinkite d\u017eiovykl\u0117je<\/p>\n<p>\u2022 Vilnonius gaminius rekomenduojame d\u017eiovinti pad\u0117jus ant lygaus pavir\u0161iaus<\/p>\n","protected":false},"excerpt":{"rendered":"<p>Tvarios merino vilnos megztinis su apvaliu kaklu \u012fkv\u0117ptas kasdienio minimalizmo stiliaus. Itin maloni vilna nedirgina odos, leid\u017eia jai kv\u0117puoti.<\/p>\n<p>Sud\u0117tis: 100% merino vilna<\/p>\n<p>Modelio \u016bgis 172 cm, megztinio dydis M<\/p>\n","protected":false},"featured_media":3503,"comment_status":"open","ping_status":"closed","template":"","meta":{"_acf_changed":false,"footnotes":""},"product_brand":[],"product_cat":[90,89,94],"product_tag":[],"class_list":{"0":"post-3499","1":"product","2":"type-product","3":"status-publish","4":"has-post-thumbnail","6":"product_cat-womens-clothing-wool-clothing","7":"product_cat-wool-clothing","8":"product_cat-wool-sweaters","9":"description-off","11":"first","12":"instock","13":"shipping-taxable","14":"product-type-variable"},"acf":[],"yoast_head":"<!-- This site is optimized with the Yoast SEO plugin v26.6 - https:\/\/yoast.com\/wordpress\/plugins\/seo\/ -->\n<title>Merino vilnos megztinis - My Linen Soul<\/title>\n<meta name=\"description\" content=\"Rank\u0173 darbo merino vilnos megztinis su apvaliu kaklu, ilgomis rankov\u0117mis ir minimalistiniu dizainu. Itin jaukus ir \u0161iltas drabu\u017eis visiems met\u0173 laikams.\" \/>\n<meta name=\"robots\" content=\"index, follow, max-snippet:-1, max-image-preview:large, max-video-preview:-1\" \/>\n<link rel=\"canonical\" href=\"https:\/\/mylinensoul.com\/en\/product\/merino-vilnos-megztinis-2\/\" \/>\n<meta property=\"og:locale\" content=\"en_US\" \/>\n<meta property=\"og:type\" content=\"article\" \/>\n<meta property=\"og:title\" content=\"Merino vilnos megztinis - My Linen Soul\" \/>\n<meta property=\"og:description\" content=\"Rank\u0173 darbo merino vilnos megztinis su apvaliu kaklu, ilgomis rankov\u0117mis ir minimalistiniu dizainu. Itin jaukus ir \u0161iltas drabu\u017eis visiems met\u0173 laikams.\" \/>\n<meta property=\"og:url\" content=\"https:\/\/mylinensoul.com\/en\/product\/merino-vilnos-megztinis-2\/\" \/>\n<meta property=\"og:site_name\" content=\"My Linen Soul\" \/>\n<meta property=\"article:modified_time\" content=\"2026-01-11T15:51:47+00:00\" \/>\n<meta property=\"og:image\" content=\"https:\/\/mylinensoul.com\/wp-content\/uploads\/2022\/12\/simple-knitted-merino-sweater.1.jpg\" \/>\n\t<meta property=\"og:image:width\" content=\"1000\" \/>\n\t<meta property=\"og:image:height\" content=\"1500\" \/>\n\t<meta property=\"og:image:type\" content=\"image\/jpeg\" \/>\n<meta name=\"twitter:card\" content=\"summary_large_image\" \/>\n<meta name=\"twitter:label1\" content=\"Est. reading time\" \/>\n\t<meta name=\"twitter:data1\" content=\"1 minute\" \/>\n<script type=\"application\/ld+json\" class=\"yoast-schema-graph\">{\"@context\":\"https:\/\/schema.org\",\"@graph\":[{\"@type\":\"WebPage\",\"@id\":\"https:\/\/mylinensoul.com\/en\/product\/merino-vilnos-megztinis-2\/\",\"url\":\"https:\/\/mylinensoul.com\/en\/product\/merino-vilnos-megztinis-2\/\",\"name\":\"Merino vilnos megztinis - My Linen Soul\",\"isPartOf\":{\"@id\":\"https:\/\/mylinensoul.com\/#website\"},\"primaryImageOfPage\":{\"@id\":\"https:\/\/mylinensoul.com\/en\/product\/merino-vilnos-megztinis-2\/#primaryimage\"},\"image\":{\"@id\":\"https:\/\/mylinensoul.com\/en\/product\/merino-vilnos-megztinis-2\/#primaryimage\"},\"thumbnailUrl\":\"https:\/\/mylinensoul.com\/wp-content\/uploads\/2022\/12\/simple-knitted-merino-sweater.1.jpg\",\"datePublished\":\"2022-12-05T18:05:54+00:00\",\"dateModified\":\"2026-01-11T15:51:47+00:00\",\"description\":\"Rank\u0173 darbo merino vilnos megztinis su apvaliu kaklu, ilgomis rankov\u0117mis ir minimalistiniu dizainu. Itin jaukus ir \u0161iltas drabu\u017eis visiems met\u0173 laikams.\",\"breadcrumb\":{\"@id\":\"https:\/\/mylinensoul.com\/en\/product\/merino-vilnos-megztinis-2\/#breadcrumb\"},\"inLanguage\":\"en-US\",\"potentialAction\":[{\"@type\":\"ReadAction\",\"target\":[\"https:\/\/mylinensoul.com\/en\/product\/merino-vilnos-megztinis-2\/\"]}]},{\"@type\":\"ImageObject\",\"inLanguage\":\"en-US\",\"@id\":\"https:\/\/mylinensoul.com\/en\/product\/merino-vilnos-megztinis-2\/#primaryimage\",\"url\":\"https:\/\/mylinensoul.com\/wp-content\/uploads\/2022\/12\/simple-knitted-merino-sweater.1.jpg\",\"contentUrl\":\"https:\/\/mylinensoul.com\/wp-content\/uploads\/2022\/12\/simple-knitted-merino-sweater.1.jpg\",\"width\":1000,\"height\":1500,\"caption\":\"minimalist women merino jumper\"},{\"@type\":\"BreadcrumbList\",\"@id\":\"https:\/\/mylinensoul.com\/en\/product\/merino-vilnos-megztinis-2\/#breadcrumb\",\"itemListElement\":[{\"@type\":\"ListItem\",\"position\":1,\"name\":\"Home\",\"item\":\"https:\/\/mylinensoul.com\/en\/\"},{\"@type\":\"ListItem\",\"position\":2,\"name\":\"Shop\",\"item\":\"https:\/\/mylinensoul.com\/shop\/\"},{\"@type\":\"ListItem\",\"position\":3,\"name\":\"Merino vilnos megztinis\"}]},{\"@type\":\"WebSite\",\"@id\":\"https:\/\/mylinensoul.com\/#website\",\"url\":\"https:\/\/mylinensoul.com\/\",\"name\":\"My Linen Soul\",\"description\":\"Skin soft linen clothes, accessories, bedding &amp; kitchen\",\"potentialAction\":[{\"@type\":\"SearchAction\",\"target\":{\"@type\":\"EntryPoint\",\"urlTemplate\":\"https:\/\/mylinensoul.com\/?s={search_term_string}\"},\"query-input\":{\"@type\":\"PropertyValueSpecification\",\"valueRequired\":true,\"valueName\":\"search_term_string\"}}],\"inLanguage\":\"en-US\"}]}<\/script>\n<!-- \/ Yoast SEO plugin. -->","yoast_head_json":{"title":"Merino vilnos megztinis - My Linen Soul","description":"Rank\u0173 darbo merino vilnos megztinis su apvaliu kaklu, ilgomis rankov\u0117mis ir minimalistiniu dizainu. Itin jaukus ir \u0161iltas drabu\u017eis visiems met\u0173 laikams.","robots":{"index":"index","follow":"follow","max-snippet":"max-snippet:-1","max-image-preview":"max-image-preview:large","max-video-preview":"max-video-preview:-1"},"canonical":"https:\/\/mylinensoul.com\/en\/product\/merino-vilnos-megztinis-2\/","og_locale":"en_US","og_type":"article","og_title":"Merino vilnos megztinis - My Linen Soul","og_description":"Rank\u0173 darbo merino vilnos megztinis su apvaliu kaklu, ilgomis rankov\u0117mis ir minimalistiniu dizainu. Itin jaukus ir \u0161iltas drabu\u017eis visiems met\u0173 laikams.","og_url":"https:\/\/mylinensoul.com\/en\/product\/merino-vilnos-megztinis-2\/","og_site_name":"My Linen Soul","article_modified_time":"2026-01-11T15:51:47+00:00","og_image":[{"width":1000,"height":1500,"url":"https:\/\/mylinensoul.com\/wp-content\/uploads\/2022\/12\/simple-knitted-merino-sweater.1.jpg","type":"image\/jpeg"}],"twitter_card":"summary_large_image","twitter_misc":{"Est. reading time":"1 minute"},"schema":{"@context":"https:\/\/schema.org","@graph":[{"@type":"WebPage","@id":"https:\/\/mylinensoul.com\/en\/product\/merino-vilnos-megztinis-2\/","url":"https:\/\/mylinensoul.com\/en\/product\/merino-vilnos-megztinis-2\/","name":"Merino vilnos megztinis - My Linen Soul","isPartOf":{"@id":"https:\/\/mylinensoul.com\/#website"},"primaryImageOfPage":{"@id":"https:\/\/mylinensoul.com\/en\/product\/merino-vilnos-megztinis-2\/#primaryimage"},"image":{"@id":"https:\/\/mylinensoul.com\/en\/product\/merino-vilnos-megztinis-2\/#primaryimage"},"thumbnailUrl":"https:\/\/mylinensoul.com\/wp-content\/uploads\/2022\/12\/simple-knitted-merino-sweater.1.jpg","datePublished":"2022-12-05T18:05:54+00:00","dateModified":"2026-01-11T15:51:47+00:00","description":"Rank\u0173 darbo merino vilnos megztinis su apvaliu kaklu, ilgomis rankov\u0117mis ir minimalistiniu dizainu. Itin jaukus ir \u0161iltas drabu\u017eis visiems met\u0173 laikams.","breadcrumb":{"@id":"https:\/\/mylinensoul.com\/en\/product\/merino-vilnos-megztinis-2\/#breadcrumb"},"inLanguage":"en-US","potentialAction":[{"@type":"ReadAction","target":["https:\/\/mylinensoul.com\/en\/product\/merino-vilnos-megztinis-2\/"]}]},{"@type":"ImageObject","inLanguage":"en-US","@id":"https:\/\/mylinensoul.com\/en\/product\/merino-vilnos-megztinis-2\/#primaryimage","url":"https:\/\/mylinensoul.com\/wp-content\/uploads\/2022\/12\/simple-knitted-merino-sweater.1.jpg","contentUrl":"https:\/\/mylinensoul.com\/wp-content\/uploads\/2022\/12\/simple-knitted-merino-sweater.1.jpg","width":1000,"height":1500,"caption":"minimalist women merino jumper"},{"@type":"BreadcrumbList","@id":"https:\/\/mylinensoul.com\/en\/product\/merino-vilnos-megztinis-2\/#breadcrumb","itemListElement":[{"@type":"ListItem","position":1,"name":"Home","item":"https:\/\/mylinensoul.com\/en\/"},{"@type":"ListItem","position":2,"name":"Shop","item":"https:\/\/mylinensoul.com\/shop\/"},{"@type":"ListItem","position":3,"name":"Merino vilnos megztinis"}]},{"@type":"WebSite","@id":"https:\/\/mylinensoul.com\/#website","url":"https:\/\/mylinensoul.com\/","name":"My Linen Soul","description":"Skin soft linen clothes, accessories, bedding &amp; kitchen","potentialAction":[{"@type":"SearchAction","target":{"@type":"EntryPoint","urlTemplate":"https:\/\/mylinensoul.com\/?s={search_term_string}"},"query-input":{"@type":"PropertyValueSpecification","valueRequired":true,"valueName":"search_term_string"}}],"inLanguage":"en-US"}]}},"_links":{"self":[{"href":"https:\/\/mylinensoul.com\/en\/wp-json\/wp\/v2\/product\/3499","targetHints":{"allow":["GET"]}}],"collection":[{"href":"https:\/\/mylinensoul.com\/en\/wp-json\/wp\/v2\/product"}],"about":[{"href":"https:\/\/mylinensoul.com\/en\/wp-json\/wp\/v2\/types\/product"}],"replies":[{"embeddable":true,"href":"https:\/\/mylinensoul.com\/en\/wp-json\/wp\/v2\/comments?post=3499"}],"version-history":[{"count":2,"href":"https:\/\/mylinensoul.com\/en\/wp-json\/wp\/v2\/product\/3499\/revisions"}],"predecessor-version":[{"id":139684,"href":"https:\/\/mylinensoul.com\/en\/wp-json\/wp\/v2\/product\/3499\/revisions\/139684"}],"wp:featuredmedia":[{"embeddable":true,"href":"https:\/\/mylinensoul.com\/en\/wp-json\/wp\/v2\/media\/3503"}],"wp:attachment":[{"href":"https:\/\/mylinensoul.com\/en\/wp-json\/wp\/v2\/media?parent=3499"}],"wp:term":[{"taxonomy":"product_brand","embeddable":true,"href":"https:\/\/mylinensoul.com\/en\/wp-json\/wp\/v2\/product_brand?post=3499"},{"taxonomy":"product_cat","embeddable":true,"href":"https:\/\/mylinensoul.com\/en\/wp-json\/wp\/v2\/product_cat?post=3499"},{"taxonomy":"product_tag","embeddable":true,"href":"https:\/\/mylinensoul.com\/en\/wp-json\/wp\/v2\/product_tag?post=3499"}],"curies":[{"name":"wp","href":"https:\/\/api.w.org\/{rel}","templated":true}]}}