{"id":31598,"date":"2023-12-12T22:19:42","date_gmt":"2023-12-12T22:19:42","guid":{"rendered":"https:\/\/mylinensoul.com\/product\/100-alpakos-megztinis-su-sagomis-milano\/"},"modified":"2025-04-15T13:06:21","modified_gmt":"2025-04-15T13:06:21","slug":"100-skin-soft-alpaca-wool-buttoned-sweater-milano","status":"publish","type":"product","link":"https:\/\/mylinensoul.com\/en\/product\/100-skin-soft-alpaca-wool-buttoned-sweater-milano\/","title":{"rendered":"100% skin soft alpaca wool buttoned sweater MILANO"},"content":{"rendered":"<p><b>Care:<\/b><\/p>\n<p>\u2022 Hand wash, 30 degrees C (85 degrees F)<br \/>\n\u2022 Dry flat<br \/>\n\u2022 Iron low heat<br \/>\n\u2022 Do not bleach<br \/>\n\u2022 Do not hang<\/p>\n<p><b>Customization:<\/b> feel free to contact us so we could discuss possible custom orders.<\/p>\n","protected":false},"excerpt":{"rendered":"<p>Skin soft alpaca wool yarns delivers elegant yet regular fit buttoned cardigan sweater for your warm and cosy outfits. Vintage minimalist mood beautiful colour pure alpaca wool cable knit women cardigan with natural coconut button is perfect &amp; versatile piece that can be worn as a top or cardigan whatever the season.<\/p>\n<p><b>Composition: <\/b>100% alpaca wool<\/p>\n<p>Model is 180 cm, wearing size S\/M<\/p>\n","protected":false},"featured_media":31590,"comment_status":"open","ping_status":"closed","template":"","meta":{"_acf_changed":false,"footnotes":""},"product_brand":[],"product_cat":[90,89,94],"product_tag":[],"class_list":{"0":"post-31598","1":"product","2":"type-product","3":"status-publish","4":"has-post-thumbnail","6":"product_cat-womens-clothing-wool-clothing","7":"product_cat-wool-clothing","8":"product_cat-wool-sweaters","9":"description-off","11":"first","12":"instock","13":"sale","14":"shipping-taxable","15":"purchasable","16":"product-type-variable"},"acf":[],"yoast_head":"<!-- This site is optimized with the Yoast SEO plugin v26.6 - https:\/\/yoast.com\/wordpress\/plugins\/seo\/ -->\n<title>100% skin soft alpaca wool buttoned sweater MILANO - My Linen Soul<\/title>\n<meta name=\"description\" content=\"100% \u0161velnios alpakos vilnos megztinis numegztas lygiu ra\u0161tu. Kokybi\u0161kas megztinis su sagomis taps kiekvienos dienos \u0161ilumos garantu.\" \/>\n<meta name=\"robots\" content=\"index, follow, max-snippet:-1, max-image-preview:large, max-video-preview:-1\" \/>\n<link rel=\"canonical\" href=\"https:\/\/mylinensoul.com\/product\/100-alpakos-megztinis-su-sagomis-milano\/\" \/>\n<meta property=\"og:locale\" content=\"en_US\" \/>\n<meta property=\"og:type\" content=\"article\" \/>\n<meta property=\"og:title\" content=\"100% skin soft alpaca wool buttoned sweater MILANO - My Linen Soul\" \/>\n<meta property=\"og:description\" content=\"100% \u0161velnios alpakos vilnos megztinis numegztas lygiu ra\u0161tu. Kokybi\u0161kas megztinis su sagomis taps kiekvienos dienos \u0161ilumos garantu.\" \/>\n<meta property=\"og:url\" content=\"https:\/\/mylinensoul.com\/product\/100-alpakos-megztinis-su-sagomis-milano\/\" \/>\n<meta property=\"og:site_name\" content=\"My Linen Soul\" \/>\n<meta property=\"article:modified_time\" content=\"2025-04-15T13:06:21+00:00\" \/>\n<meta property=\"og:image\" content=\"https:\/\/mylinensoul.com\/wp-content\/uploads\/2023\/12\/siltas-alpakos-vilnos-megztinis.jpg\" \/>\n\t<meta property=\"og:image:width\" content=\"1000\" \/>\n\t<meta property=\"og:image:height\" content=\"1500\" \/>\n\t<meta property=\"og:image:type\" content=\"image\/jpeg\" \/>\n<meta name=\"twitter:card\" content=\"summary_large_image\" \/>\n<meta name=\"twitter:label1\" content=\"Est. reading time\" \/>\n\t<meta name=\"twitter:data1\" content=\"1 minute\" \/>\n<script type=\"application\/ld+json\" class=\"yoast-schema-graph\">{\"@context\":\"https:\/\/schema.org\",\"@graph\":[{\"@type\":\"WebPage\",\"@id\":\"https:\/\/mylinensoul.com\/product\/100-alpakos-megztinis-su-sagomis-milano\/\",\"url\":\"https:\/\/mylinensoul.com\/product\/100-alpakos-megztinis-su-sagomis-milano\/\",\"name\":\"100% skin soft alpaca wool buttoned sweater MILANO - My Linen Soul\",\"isPartOf\":{\"@id\":\"https:\/\/mylinensoul.com\/#website\"},\"primaryImageOfPage\":{\"@id\":\"https:\/\/mylinensoul.com\/product\/100-alpakos-megztinis-su-sagomis-milano\/#primaryimage\"},\"image\":{\"@id\":\"https:\/\/mylinensoul.com\/product\/100-alpakos-megztinis-su-sagomis-milano\/#primaryimage\"},\"thumbnailUrl\":\"https:\/\/mylinensoul.com\/wp-content\/uploads\/2023\/12\/siltas-alpakos-vilnos-megztinis.jpg\",\"datePublished\":\"2023-12-12T22:19:42+00:00\",\"dateModified\":\"2025-04-15T13:06:21+00:00\",\"description\":\"100% \u0161velnios alpakos vilnos megztinis numegztas lygiu ra\u0161tu. Kokybi\u0161kas megztinis su sagomis taps kiekvienos dienos \u0161ilumos garantu.\",\"breadcrumb\":{\"@id\":\"https:\/\/mylinensoul.com\/product\/100-alpakos-megztinis-su-sagomis-milano\/#breadcrumb\"},\"inLanguage\":\"en-US\",\"potentialAction\":[{\"@type\":\"ReadAction\",\"target\":[\"https:\/\/mylinensoul.com\/product\/100-alpakos-megztinis-su-sagomis-milano\/\"]}]},{\"@type\":\"ImageObject\",\"inLanguage\":\"en-US\",\"@id\":\"https:\/\/mylinensoul.com\/product\/100-alpakos-megztinis-su-sagomis-milano\/#primaryimage\",\"url\":\"https:\/\/mylinensoul.com\/wp-content\/uploads\/2023\/12\/siltas-alpakos-vilnos-megztinis.jpg\",\"contentUrl\":\"https:\/\/mylinensoul.com\/wp-content\/uploads\/2023\/12\/siltas-alpakos-vilnos-megztinis.jpg\",\"width\":1000,\"height\":1500,\"caption\":\"alpakos vilnos megztinis\"},{\"@type\":\"BreadcrumbList\",\"@id\":\"https:\/\/mylinensoul.com\/product\/100-alpakos-megztinis-su-sagomis-milano\/#breadcrumb\",\"itemListElement\":[{\"@type\":\"ListItem\",\"position\":1,\"name\":\"Home\",\"item\":\"https:\/\/mylinensoul.com\/en\/\"},{\"@type\":\"ListItem\",\"position\":2,\"name\":\"Shop\",\"item\":\"https:\/\/mylinensoul.com\/shop\/\"},{\"@type\":\"ListItem\",\"position\":3,\"name\":\"100% skin soft alpaca wool buttoned sweater MILANO\"}]},{\"@type\":\"WebSite\",\"@id\":\"https:\/\/mylinensoul.com\/#website\",\"url\":\"https:\/\/mylinensoul.com\/\",\"name\":\"My Linen Soul\",\"description\":\"Skin soft linen clothes, accessories, bedding &amp; kitchen\",\"potentialAction\":[{\"@type\":\"SearchAction\",\"target\":{\"@type\":\"EntryPoint\",\"urlTemplate\":\"https:\/\/mylinensoul.com\/?s={search_term_string}\"},\"query-input\":{\"@type\":\"PropertyValueSpecification\",\"valueRequired\":true,\"valueName\":\"search_term_string\"}}],\"inLanguage\":\"en-US\"}]}<\/script>\n<!-- \/ Yoast SEO plugin. -->","yoast_head_json":{"title":"100% skin soft alpaca wool buttoned sweater MILANO - My Linen Soul","description":"100% \u0161velnios alpakos vilnos megztinis numegztas lygiu ra\u0161tu. Kokybi\u0161kas megztinis su sagomis taps kiekvienos dienos \u0161ilumos garantu.","robots":{"index":"index","follow":"follow","max-snippet":"max-snippet:-1","max-image-preview":"max-image-preview:large","max-video-preview":"max-video-preview:-1"},"canonical":"https:\/\/mylinensoul.com\/product\/100-alpakos-megztinis-su-sagomis-milano\/","og_locale":"en_US","og_type":"article","og_title":"100% skin soft alpaca wool buttoned sweater MILANO - My Linen Soul","og_description":"100% \u0161velnios alpakos vilnos megztinis numegztas lygiu ra\u0161tu. Kokybi\u0161kas megztinis su sagomis taps kiekvienos dienos \u0161ilumos garantu.","og_url":"https:\/\/mylinensoul.com\/product\/100-alpakos-megztinis-su-sagomis-milano\/","og_site_name":"My Linen Soul","article_modified_time":"2025-04-15T13:06:21+00:00","og_image":[{"width":1000,"height":1500,"url":"https:\/\/mylinensoul.com\/wp-content\/uploads\/2023\/12\/siltas-alpakos-vilnos-megztinis.jpg","type":"image\/jpeg"}],"twitter_card":"summary_large_image","twitter_misc":{"Est. reading time":"1 minute"},"schema":{"@context":"https:\/\/schema.org","@graph":[{"@type":"WebPage","@id":"https:\/\/mylinensoul.com\/product\/100-alpakos-megztinis-su-sagomis-milano\/","url":"https:\/\/mylinensoul.com\/product\/100-alpakos-megztinis-su-sagomis-milano\/","name":"100% skin soft alpaca wool buttoned sweater MILANO - My Linen Soul","isPartOf":{"@id":"https:\/\/mylinensoul.com\/#website"},"primaryImageOfPage":{"@id":"https:\/\/mylinensoul.com\/product\/100-alpakos-megztinis-su-sagomis-milano\/#primaryimage"},"image":{"@id":"https:\/\/mylinensoul.com\/product\/100-alpakos-megztinis-su-sagomis-milano\/#primaryimage"},"thumbnailUrl":"https:\/\/mylinensoul.com\/wp-content\/uploads\/2023\/12\/siltas-alpakos-vilnos-megztinis.jpg","datePublished":"2023-12-12T22:19:42+00:00","dateModified":"2025-04-15T13:06:21+00:00","description":"100% \u0161velnios alpakos vilnos megztinis numegztas lygiu ra\u0161tu. Kokybi\u0161kas megztinis su sagomis taps kiekvienos dienos \u0161ilumos garantu.","breadcrumb":{"@id":"https:\/\/mylinensoul.com\/product\/100-alpakos-megztinis-su-sagomis-milano\/#breadcrumb"},"inLanguage":"en-US","potentialAction":[{"@type":"ReadAction","target":["https:\/\/mylinensoul.com\/product\/100-alpakos-megztinis-su-sagomis-milano\/"]}]},{"@type":"ImageObject","inLanguage":"en-US","@id":"https:\/\/mylinensoul.com\/product\/100-alpakos-megztinis-su-sagomis-milano\/#primaryimage","url":"https:\/\/mylinensoul.com\/wp-content\/uploads\/2023\/12\/siltas-alpakos-vilnos-megztinis.jpg","contentUrl":"https:\/\/mylinensoul.com\/wp-content\/uploads\/2023\/12\/siltas-alpakos-vilnos-megztinis.jpg","width":1000,"height":1500,"caption":"alpakos vilnos megztinis"},{"@type":"BreadcrumbList","@id":"https:\/\/mylinensoul.com\/product\/100-alpakos-megztinis-su-sagomis-milano\/#breadcrumb","itemListElement":[{"@type":"ListItem","position":1,"name":"Home","item":"https:\/\/mylinensoul.com\/en\/"},{"@type":"ListItem","position":2,"name":"Shop","item":"https:\/\/mylinensoul.com\/shop\/"},{"@type":"ListItem","position":3,"name":"100% skin soft alpaca wool buttoned sweater MILANO"}]},{"@type":"WebSite","@id":"https:\/\/mylinensoul.com\/#website","url":"https:\/\/mylinensoul.com\/","name":"My Linen Soul","description":"Skin soft linen clothes, accessories, bedding &amp; kitchen","potentialAction":[{"@type":"SearchAction","target":{"@type":"EntryPoint","urlTemplate":"https:\/\/mylinensoul.com\/?s={search_term_string}"},"query-input":{"@type":"PropertyValueSpecification","valueRequired":true,"valueName":"search_term_string"}}],"inLanguage":"en-US"}]}},"_links":{"self":[{"href":"https:\/\/mylinensoul.com\/en\/wp-json\/wp\/v2\/product\/31598","targetHints":{"allow":["GET"]}}],"collection":[{"href":"https:\/\/mylinensoul.com\/en\/wp-json\/wp\/v2\/product"}],"about":[{"href":"https:\/\/mylinensoul.com\/en\/wp-json\/wp\/v2\/types\/product"}],"replies":[{"embeddable":true,"href":"https:\/\/mylinensoul.com\/en\/wp-json\/wp\/v2\/comments?post=31598"}],"version-history":[{"count":1,"href":"https:\/\/mylinensoul.com\/en\/wp-json\/wp\/v2\/product\/31598\/revisions"}],"predecessor-version":[{"id":111311,"href":"https:\/\/mylinensoul.com\/en\/wp-json\/wp\/v2\/product\/31598\/revisions\/111311"}],"wp:featuredmedia":[{"embeddable":true,"href":"https:\/\/mylinensoul.com\/en\/wp-json\/wp\/v2\/media\/31590"}],"wp:attachment":[{"href":"https:\/\/mylinensoul.com\/en\/wp-json\/wp\/v2\/media?parent=31598"}],"wp:term":[{"taxonomy":"product_brand","embeddable":true,"href":"https:\/\/mylinensoul.com\/en\/wp-json\/wp\/v2\/product_brand?post=31598"},{"taxonomy":"product_cat","embeddable":true,"href":"https:\/\/mylinensoul.com\/en\/wp-json\/wp\/v2\/product_cat?post=31598"},{"taxonomy":"product_tag","embeddable":true,"href":"https:\/\/mylinensoul.com\/en\/wp-json\/wp\/v2\/product_tag?post=31598"}],"curies":[{"name":"wp","href":"https:\/\/api.w.org\/{rel}","templated":true}]}}