{"id":22957,"date":"2023-10-09T11:20:32","date_gmt":"2023-10-09T11:20:32","guid":{"rendered":"https:\/\/mylinensoul.com\/product\/merino-vilnos-kostiumelis-tokyo\/"},"modified":"2025-04-15T13:06:30","modified_gmt":"2025-04-15T13:06:30","slug":"supreme-merino-wool-knit-co-ord-set-tokyo","status":"publish","type":"product","link":"https:\/\/mylinensoul.com\/en\/product\/supreme-merino-wool-knit-co-ord-set-tokyo\/","title":{"rendered":"Supreme merino wool knit co-ord set TOKYO"},"content":{"rendered":"<p><b>Care:<\/b><\/p>\n<p>\u2022 Hand wash, 30 degrees C (85 degrees F)<br \/>\n\u2022 Dry flat<br \/>\n\u2022 Iron low heat<br \/>\n\u2022 Do not bleach<br \/>\n\u2022 Do not hang<\/p>\n<p><b>Customization:<\/b> feel free to contact us so we could discuss possible custom orders.<\/p>\n","protected":false},"excerpt":{"rendered":"<p>Meet our supreme merino wool set TOKYO. Hand knitted from skin and Planet friendly merino yarns, this stylish women set features loose fit sweater and cosy pants. Knit pullover sweater is designed in two different patterns so it looks very modern yet classic. Higher neck delivers extra cosiness and completes the look. For your best feeling warm woolen pants features flexible waistband.<\/p>\n<p>Pure merino wool is breathable so you won&#8217;t feel too hot or too cold. It&#8217;s just perfect.<\/p>\n<p>Model is 180 cm, wearing size S\/M, colour sand<\/p>\n<p><strong>Composition:<\/strong> 100% soft merino wool yarns<\/p>\n","protected":false},"featured_media":22911,"comment_status":"open","ping_status":"closed","template":"","meta":{"_acf_changed":false,"footnotes":""},"product_brand":[],"product_cat":[140,90,89],"product_tag":[],"class_list":{"0":"post-22957","1":"product","2":"type-product","3":"status-publish","4":"has-post-thumbnail","6":"product_cat-co-ords","7":"product_cat-womens-clothing-wool-clothing","8":"product_cat-wool-clothing","9":"description-off","11":"first","12":"instock","13":"sale","14":"shipping-taxable","15":"purchasable","16":"product-type-variable"},"acf":[],"yoast_head":"<!-- This site is optimized with the Yoast SEO plugin v26.6 - https:\/\/yoast.com\/wordpress\/plugins\/seo\/ -->\n<title>Supreme merino wool knit co-ord set TOKYO - My Linen Soul<\/title>\n<meta name=\"description\" content=\"100% skin friendly merino wool yarns two piece set for cosy cold season days. Knitted sweater with straight pants is fair made in small family business.\" \/>\n<meta name=\"robots\" content=\"index, follow, max-snippet:-1, max-image-preview:large, max-video-preview:-1\" \/>\n<link rel=\"canonical\" href=\"https:\/\/mylinensoul.com\/product\/merino-vilnos-kostiumelis-tokyo\/\" \/>\n<meta property=\"og:locale\" content=\"en_US\" \/>\n<meta property=\"og:type\" content=\"article\" \/>\n<meta property=\"og:title\" content=\"Supreme merino wool knit co-ord set TOKYO - My Linen Soul\" \/>\n<meta property=\"og:description\" content=\"100% skin friendly merino wool yarns two piece set for cosy cold season days. Knitted sweater with straight pants is fair made in small family business.\" \/>\n<meta property=\"og:url\" content=\"https:\/\/mylinensoul.com\/product\/merino-vilnos-kostiumelis-tokyo\/\" \/>\n<meta property=\"og:site_name\" content=\"My Linen Soul\" \/>\n<meta property=\"article:modified_time\" content=\"2025-04-15T13:06:30+00:00\" \/>\n<meta property=\"og:image\" content=\"https:\/\/mylinensoul.com\/wp-content\/uploads\/2023\/10\/merino-vilnos-kostiumelis2.jpg\" \/>\n\t<meta property=\"og:image:width\" content=\"1000\" \/>\n\t<meta property=\"og:image:height\" content=\"1500\" \/>\n\t<meta property=\"og:image:type\" content=\"image\/jpeg\" \/>\n<meta name=\"twitter:card\" content=\"summary_large_image\" \/>\n<meta name=\"twitter:label1\" content=\"Est. reading time\" \/>\n\t<meta name=\"twitter:data1\" content=\"1 minute\" \/>\n<script type=\"application\/ld+json\" class=\"yoast-schema-graph\">{\"@context\":\"https:\/\/schema.org\",\"@graph\":[{\"@type\":\"WebPage\",\"@id\":\"https:\/\/mylinensoul.com\/product\/merino-vilnos-kostiumelis-tokyo\/\",\"url\":\"https:\/\/mylinensoul.com\/product\/merino-vilnos-kostiumelis-tokyo\/\",\"name\":\"Supreme merino wool knit co-ord set TOKYO - My Linen Soul\",\"isPartOf\":{\"@id\":\"https:\/\/mylinensoul.com\/#website\"},\"primaryImageOfPage\":{\"@id\":\"https:\/\/mylinensoul.com\/product\/merino-vilnos-kostiumelis-tokyo\/#primaryimage\"},\"image\":{\"@id\":\"https:\/\/mylinensoul.com\/product\/merino-vilnos-kostiumelis-tokyo\/#primaryimage\"},\"thumbnailUrl\":\"https:\/\/mylinensoul.com\/wp-content\/uploads\/2023\/10\/merino-vilnos-kostiumelis2.jpg\",\"datePublished\":\"2023-10-09T11:20:32+00:00\",\"dateModified\":\"2025-04-15T13:06:30+00:00\",\"description\":\"100% skin friendly merino wool yarns two piece set for cosy cold season days. Knitted sweater with straight pants is fair made in small family business.\",\"breadcrumb\":{\"@id\":\"https:\/\/mylinensoul.com\/product\/merino-vilnos-kostiumelis-tokyo\/#breadcrumb\"},\"inLanguage\":\"en-US\",\"potentialAction\":[{\"@type\":\"ReadAction\",\"target\":[\"https:\/\/mylinensoul.com\/product\/merino-vilnos-kostiumelis-tokyo\/\"]}]},{\"@type\":\"ImageObject\",\"inLanguage\":\"en-US\",\"@id\":\"https:\/\/mylinensoul.com\/product\/merino-vilnos-kostiumelis-tokyo\/#primaryimage\",\"url\":\"https:\/\/mylinensoul.com\/wp-content\/uploads\/2023\/10\/merino-vilnos-kostiumelis2.jpg\",\"contentUrl\":\"https:\/\/mylinensoul.com\/wp-content\/uploads\/2023\/10\/merino-vilnos-kostiumelis2.jpg\",\"width\":1000,\"height\":1500,\"caption\":\"sm\u0117lio spalvos dviej\u0173 dali\u0173 merino vilnos kostium\u0117lis\"},{\"@type\":\"BreadcrumbList\",\"@id\":\"https:\/\/mylinensoul.com\/product\/merino-vilnos-kostiumelis-tokyo\/#breadcrumb\",\"itemListElement\":[{\"@type\":\"ListItem\",\"position\":1,\"name\":\"Home\",\"item\":\"https:\/\/mylinensoul.com\/en\/\"},{\"@type\":\"ListItem\",\"position\":2,\"name\":\"Shop\",\"item\":\"https:\/\/mylinensoul.com\/shop\/\"},{\"@type\":\"ListItem\",\"position\":3,\"name\":\"Supreme merino wool knit co-ord set TOKYO\"}]},{\"@type\":\"WebSite\",\"@id\":\"https:\/\/mylinensoul.com\/#website\",\"url\":\"https:\/\/mylinensoul.com\/\",\"name\":\"My Linen Soul\",\"description\":\"Skin soft linen clothes, accessories, bedding &amp; kitchen\",\"potentialAction\":[{\"@type\":\"SearchAction\",\"target\":{\"@type\":\"EntryPoint\",\"urlTemplate\":\"https:\/\/mylinensoul.com\/?s={search_term_string}\"},\"query-input\":{\"@type\":\"PropertyValueSpecification\",\"valueRequired\":true,\"valueName\":\"search_term_string\"}}],\"inLanguage\":\"en-US\"}]}<\/script>\n<!-- \/ Yoast SEO plugin. -->","yoast_head_json":{"title":"Supreme merino wool knit co-ord set TOKYO - My Linen Soul","description":"100% skin friendly merino wool yarns two piece set for cosy cold season days. Knitted sweater with straight pants is fair made in small family business.","robots":{"index":"index","follow":"follow","max-snippet":"max-snippet:-1","max-image-preview":"max-image-preview:large","max-video-preview":"max-video-preview:-1"},"canonical":"https:\/\/mylinensoul.com\/product\/merino-vilnos-kostiumelis-tokyo\/","og_locale":"en_US","og_type":"article","og_title":"Supreme merino wool knit co-ord set TOKYO - My Linen Soul","og_description":"100% skin friendly merino wool yarns two piece set for cosy cold season days. Knitted sweater with straight pants is fair made in small family business.","og_url":"https:\/\/mylinensoul.com\/product\/merino-vilnos-kostiumelis-tokyo\/","og_site_name":"My Linen Soul","article_modified_time":"2025-04-15T13:06:30+00:00","og_image":[{"width":1000,"height":1500,"url":"https:\/\/mylinensoul.com\/wp-content\/uploads\/2023\/10\/merino-vilnos-kostiumelis2.jpg","type":"image\/jpeg"}],"twitter_card":"summary_large_image","twitter_misc":{"Est. reading time":"1 minute"},"schema":{"@context":"https:\/\/schema.org","@graph":[{"@type":"WebPage","@id":"https:\/\/mylinensoul.com\/product\/merino-vilnos-kostiumelis-tokyo\/","url":"https:\/\/mylinensoul.com\/product\/merino-vilnos-kostiumelis-tokyo\/","name":"Supreme merino wool knit co-ord set TOKYO - My Linen Soul","isPartOf":{"@id":"https:\/\/mylinensoul.com\/#website"},"primaryImageOfPage":{"@id":"https:\/\/mylinensoul.com\/product\/merino-vilnos-kostiumelis-tokyo\/#primaryimage"},"image":{"@id":"https:\/\/mylinensoul.com\/product\/merino-vilnos-kostiumelis-tokyo\/#primaryimage"},"thumbnailUrl":"https:\/\/mylinensoul.com\/wp-content\/uploads\/2023\/10\/merino-vilnos-kostiumelis2.jpg","datePublished":"2023-10-09T11:20:32+00:00","dateModified":"2025-04-15T13:06:30+00:00","description":"100% skin friendly merino wool yarns two piece set for cosy cold season days. Knitted sweater with straight pants is fair made in small family business.","breadcrumb":{"@id":"https:\/\/mylinensoul.com\/product\/merino-vilnos-kostiumelis-tokyo\/#breadcrumb"},"inLanguage":"en-US","potentialAction":[{"@type":"ReadAction","target":["https:\/\/mylinensoul.com\/product\/merino-vilnos-kostiumelis-tokyo\/"]}]},{"@type":"ImageObject","inLanguage":"en-US","@id":"https:\/\/mylinensoul.com\/product\/merino-vilnos-kostiumelis-tokyo\/#primaryimage","url":"https:\/\/mylinensoul.com\/wp-content\/uploads\/2023\/10\/merino-vilnos-kostiumelis2.jpg","contentUrl":"https:\/\/mylinensoul.com\/wp-content\/uploads\/2023\/10\/merino-vilnos-kostiumelis2.jpg","width":1000,"height":1500,"caption":"sm\u0117lio spalvos dviej\u0173 dali\u0173 merino vilnos kostium\u0117lis"},{"@type":"BreadcrumbList","@id":"https:\/\/mylinensoul.com\/product\/merino-vilnos-kostiumelis-tokyo\/#breadcrumb","itemListElement":[{"@type":"ListItem","position":1,"name":"Home","item":"https:\/\/mylinensoul.com\/en\/"},{"@type":"ListItem","position":2,"name":"Shop","item":"https:\/\/mylinensoul.com\/shop\/"},{"@type":"ListItem","position":3,"name":"Supreme merino wool knit co-ord set TOKYO"}]},{"@type":"WebSite","@id":"https:\/\/mylinensoul.com\/#website","url":"https:\/\/mylinensoul.com\/","name":"My Linen Soul","description":"Skin soft linen clothes, accessories, bedding &amp; kitchen","potentialAction":[{"@type":"SearchAction","target":{"@type":"EntryPoint","urlTemplate":"https:\/\/mylinensoul.com\/?s={search_term_string}"},"query-input":{"@type":"PropertyValueSpecification","valueRequired":true,"valueName":"search_term_string"}}],"inLanguage":"en-US"}]}},"_links":{"self":[{"href":"https:\/\/mylinensoul.com\/en\/wp-json\/wp\/v2\/product\/22957","targetHints":{"allow":["GET"]}}],"collection":[{"href":"https:\/\/mylinensoul.com\/en\/wp-json\/wp\/v2\/product"}],"about":[{"href":"https:\/\/mylinensoul.com\/en\/wp-json\/wp\/v2\/types\/product"}],"replies":[{"embeddable":true,"href":"https:\/\/mylinensoul.com\/en\/wp-json\/wp\/v2\/comments?post=22957"}],"version-history":[{"count":1,"href":"https:\/\/mylinensoul.com\/en\/wp-json\/wp\/v2\/product\/22957\/revisions"}],"predecessor-version":[{"id":111355,"href":"https:\/\/mylinensoul.com\/en\/wp-json\/wp\/v2\/product\/22957\/revisions\/111355"}],"wp:featuredmedia":[{"embeddable":true,"href":"https:\/\/mylinensoul.com\/en\/wp-json\/wp\/v2\/media\/22911"}],"wp:attachment":[{"href":"https:\/\/mylinensoul.com\/en\/wp-json\/wp\/v2\/media?parent=22957"}],"wp:term":[{"taxonomy":"product_brand","embeddable":true,"href":"https:\/\/mylinensoul.com\/en\/wp-json\/wp\/v2\/product_brand?post=22957"},{"taxonomy":"product_cat","embeddable":true,"href":"https:\/\/mylinensoul.com\/en\/wp-json\/wp\/v2\/product_cat?post=22957"},{"taxonomy":"product_tag","embeddable":true,"href":"https:\/\/mylinensoul.com\/en\/wp-json\/wp\/v2\/product_tag?post=22957"}],"curies":[{"name":"wp","href":"https:\/\/api.w.org\/{rel}","templated":true}]}}