{"id":1599,"date":"2022-11-27T18:45:05","date_gmt":"2022-11-27T18:45:05","guid":{"rendered":"https:\/\/mylinensoul.com\/?post_type=product&#038;p=1599"},"modified":"2025-04-15T13:06:45","modified_gmt":"2025-04-15T13:06:45","slug":"merino-vilnos-salikas","status":"publish","type":"product","link":"https:\/\/mylinensoul.com\/en\/product\/merino-vilnos-salikas\/","title":{"rendered":"Merino vilnos \u0161alikas"},"content":{"rendered":"<p><strong>Prie\u017ei\u016bra:<\/strong><\/p>\n<p>\u2022 Sausas valymas arba plovimas rankomis v\u0117siame vandenyje<\/p>\n<p>\u2022 Naudokite vilnai tinkam\u0105 plovikl\u012f<\/p>\n<p>\u2022 Ned\u017eiovinkite d\u017eiovykl\u0117je<\/p>\n<p>\u2022 Vilnonius gaminius rekomenduojame d\u017eiovinti pad\u0117jus ant lygaus pavir\u0161iaus<\/p>\n<p>&nbsp;<\/p>\n","protected":false},"excerpt":{"rendered":"<p>Rankomis megztas merino vilnos \u0161alikas movas. Purus mezginys maloniai \u0161ildo bei nedirgina odos. \u0160alikas apgaubs kakl\u0105 ir kr\u016btin\u0119, prireikus taps gaubtuvu.<\/p>\n<p>Sud\u0117tis: 100% merino vilna<\/p>\n<p>\u0160aliko plotis 60 cm<br \/>\n\u0160aliko ilgis 130 cm<\/p>\n","protected":false},"featured_media":1601,"comment_status":"open","ping_status":"closed","template":"","meta":{"_acf_changed":false,"footnotes":""},"product_brand":[],"product_cat":[110,90,98,109,89,112],"product_tag":[],"class_list":{"0":"post-1599","1":"product","2":"type-product","3":"status-publish","4":"has-post-thumbnail","6":"product_cat-womens-accessories","7":"product_cat-womens-clothing-wool-clothing","8":"product_cat-wool-accessories","9":"product_cat-wool-accessories-2","10":"product_cat-wool-clothing","11":"product_cat-wool-scarves","12":"description-off","14":"first","15":"instock","16":"sale","17":"shipping-taxable","18":"purchasable","19":"product-type-variable"},"acf":[],"yoast_head":"<!-- This site is optimized with the Yoast SEO plugin v26.6 - https:\/\/yoast.com\/wordpress\/plugins\/seo\/ -->\n<title>Merino vilnos \u0161alikas - My Linen Soul<\/title>\n<meta name=\"description\" content=\"Rankomis megztas 100% merino vilnos \u0161alikas jaukiai apsups kakl\u0105 ir kr\u016btin\u0119. Jauki vilna dovanoja tikr\u0105 \u0161ilum\u0105, nedirgina odos.\" \/>\n<meta name=\"robots\" content=\"index, follow, max-snippet:-1, max-image-preview:large, max-video-preview:-1\" \/>\n<link rel=\"canonical\" href=\"https:\/\/mylinensoul.com\/product\/merino-vilnos-salikas\/\" \/>\n<meta property=\"og:locale\" content=\"en_US\" \/>\n<meta property=\"og:type\" content=\"article\" \/>\n<meta property=\"og:title\" content=\"Merino vilnos \u0161alikas - My Linen Soul\" \/>\n<meta property=\"og:description\" content=\"Rankomis megztas 100% merino vilnos \u0161alikas jaukiai apsups kakl\u0105 ir kr\u016btin\u0119. Jauki vilna dovanoja tikr\u0105 \u0161ilum\u0105, nedirgina odos.\" \/>\n<meta property=\"og:url\" content=\"https:\/\/mylinensoul.com\/product\/merino-vilnos-salikas\/\" \/>\n<meta property=\"og:site_name\" content=\"My Linen Soul\" \/>\n<meta property=\"article:modified_time\" content=\"2025-04-15T13:06:45+00:00\" \/>\n<meta property=\"og:image\" content=\"https:\/\/mylinensoul.com\/wp-content\/uploads\/2022\/11\/chunky-merino-wool-wrap-scarf1.jpg\" \/>\n\t<meta property=\"og:image:width\" content=\"1000\" \/>\n\t<meta property=\"og:image:height\" content=\"1500\" \/>\n\t<meta property=\"og:image:type\" content=\"image\/jpeg\" \/>\n<meta name=\"twitter:card\" content=\"summary_large_image\" \/>\n<meta name=\"twitter:label1\" content=\"Est. reading time\" \/>\n\t<meta name=\"twitter:data1\" content=\"1 minute\" \/>\n<script type=\"application\/ld+json\" class=\"yoast-schema-graph\">{\"@context\":\"https:\/\/schema.org\",\"@graph\":[{\"@type\":\"WebPage\",\"@id\":\"https:\/\/mylinensoul.com\/product\/merino-vilnos-salikas\/\",\"url\":\"https:\/\/mylinensoul.com\/product\/merino-vilnos-salikas\/\",\"name\":\"Merino vilnos \u0161alikas - My Linen Soul\",\"isPartOf\":{\"@id\":\"https:\/\/mylinensoul.com\/#website\"},\"primaryImageOfPage\":{\"@id\":\"https:\/\/mylinensoul.com\/product\/merino-vilnos-salikas\/#primaryimage\"},\"image\":{\"@id\":\"https:\/\/mylinensoul.com\/product\/merino-vilnos-salikas\/#primaryimage\"},\"thumbnailUrl\":\"https:\/\/mylinensoul.com\/wp-content\/uploads\/2022\/11\/chunky-merino-wool-wrap-scarf1.jpg\",\"datePublished\":\"2022-11-27T18:45:05+00:00\",\"dateModified\":\"2025-04-15T13:06:45+00:00\",\"description\":\"Rankomis megztas 100% merino vilnos \u0161alikas jaukiai apsups kakl\u0105 ir kr\u016btin\u0119. Jauki vilna dovanoja tikr\u0105 \u0161ilum\u0105, nedirgina odos.\",\"breadcrumb\":{\"@id\":\"https:\/\/mylinensoul.com\/product\/merino-vilnos-salikas\/#breadcrumb\"},\"inLanguage\":\"en-US\",\"potentialAction\":[{\"@type\":\"ReadAction\",\"target\":[\"https:\/\/mylinensoul.com\/product\/merino-vilnos-salikas\/\"]}]},{\"@type\":\"ImageObject\",\"inLanguage\":\"en-US\",\"@id\":\"https:\/\/mylinensoul.com\/product\/merino-vilnos-salikas\/#primaryimage\",\"url\":\"https:\/\/mylinensoul.com\/wp-content\/uploads\/2022\/11\/chunky-merino-wool-wrap-scarf1.jpg\",\"contentUrl\":\"https:\/\/mylinensoul.com\/wp-content\/uploads\/2022\/11\/chunky-merino-wool-wrap-scarf1.jpg\",\"width\":1000,\"height\":1500,\"caption\":\"endless circle merino scarf\"},{\"@type\":\"BreadcrumbList\",\"@id\":\"https:\/\/mylinensoul.com\/product\/merino-vilnos-salikas\/#breadcrumb\",\"itemListElement\":[{\"@type\":\"ListItem\",\"position\":1,\"name\":\"Home\",\"item\":\"https:\/\/mylinensoul.com\/en\/\"},{\"@type\":\"ListItem\",\"position\":2,\"name\":\"Shop\",\"item\":\"https:\/\/mylinensoul.com\/shop\/\"},{\"@type\":\"ListItem\",\"position\":3,\"name\":\"Merino vilnos \u0161alikas\"}]},{\"@type\":\"WebSite\",\"@id\":\"https:\/\/mylinensoul.com\/#website\",\"url\":\"https:\/\/mylinensoul.com\/\",\"name\":\"My Linen Soul\",\"description\":\"Skin soft linen clothes, accessories, bedding &amp; kitchen\",\"potentialAction\":[{\"@type\":\"SearchAction\",\"target\":{\"@type\":\"EntryPoint\",\"urlTemplate\":\"https:\/\/mylinensoul.com\/?s={search_term_string}\"},\"query-input\":{\"@type\":\"PropertyValueSpecification\",\"valueRequired\":true,\"valueName\":\"search_term_string\"}}],\"inLanguage\":\"en-US\"}]}<\/script>\n<!-- \/ Yoast SEO plugin. -->","yoast_head_json":{"title":"Merino vilnos \u0161alikas - My Linen Soul","description":"Rankomis megztas 100% merino vilnos \u0161alikas jaukiai apsups kakl\u0105 ir kr\u016btin\u0119. Jauki vilna dovanoja tikr\u0105 \u0161ilum\u0105, nedirgina odos.","robots":{"index":"index","follow":"follow","max-snippet":"max-snippet:-1","max-image-preview":"max-image-preview:large","max-video-preview":"max-video-preview:-1"},"canonical":"https:\/\/mylinensoul.com\/product\/merino-vilnos-salikas\/","og_locale":"en_US","og_type":"article","og_title":"Merino vilnos \u0161alikas - My Linen Soul","og_description":"Rankomis megztas 100% merino vilnos \u0161alikas jaukiai apsups kakl\u0105 ir kr\u016btin\u0119. Jauki vilna dovanoja tikr\u0105 \u0161ilum\u0105, nedirgina odos.","og_url":"https:\/\/mylinensoul.com\/product\/merino-vilnos-salikas\/","og_site_name":"My Linen Soul","article_modified_time":"2025-04-15T13:06:45+00:00","og_image":[{"width":1000,"height":1500,"url":"https:\/\/mylinensoul.com\/wp-content\/uploads\/2022\/11\/chunky-merino-wool-wrap-scarf1.jpg","type":"image\/jpeg"}],"twitter_card":"summary_large_image","twitter_misc":{"Est. reading time":"1 minute"},"schema":{"@context":"https:\/\/schema.org","@graph":[{"@type":"WebPage","@id":"https:\/\/mylinensoul.com\/product\/merino-vilnos-salikas\/","url":"https:\/\/mylinensoul.com\/product\/merino-vilnos-salikas\/","name":"Merino vilnos \u0161alikas - My Linen Soul","isPartOf":{"@id":"https:\/\/mylinensoul.com\/#website"},"primaryImageOfPage":{"@id":"https:\/\/mylinensoul.com\/product\/merino-vilnos-salikas\/#primaryimage"},"image":{"@id":"https:\/\/mylinensoul.com\/product\/merino-vilnos-salikas\/#primaryimage"},"thumbnailUrl":"https:\/\/mylinensoul.com\/wp-content\/uploads\/2022\/11\/chunky-merino-wool-wrap-scarf1.jpg","datePublished":"2022-11-27T18:45:05+00:00","dateModified":"2025-04-15T13:06:45+00:00","description":"Rankomis megztas 100% merino vilnos \u0161alikas jaukiai apsups kakl\u0105 ir kr\u016btin\u0119. Jauki vilna dovanoja tikr\u0105 \u0161ilum\u0105, nedirgina odos.","breadcrumb":{"@id":"https:\/\/mylinensoul.com\/product\/merino-vilnos-salikas\/#breadcrumb"},"inLanguage":"en-US","potentialAction":[{"@type":"ReadAction","target":["https:\/\/mylinensoul.com\/product\/merino-vilnos-salikas\/"]}]},{"@type":"ImageObject","inLanguage":"en-US","@id":"https:\/\/mylinensoul.com\/product\/merino-vilnos-salikas\/#primaryimage","url":"https:\/\/mylinensoul.com\/wp-content\/uploads\/2022\/11\/chunky-merino-wool-wrap-scarf1.jpg","contentUrl":"https:\/\/mylinensoul.com\/wp-content\/uploads\/2022\/11\/chunky-merino-wool-wrap-scarf1.jpg","width":1000,"height":1500,"caption":"endless circle merino scarf"},{"@type":"BreadcrumbList","@id":"https:\/\/mylinensoul.com\/product\/merino-vilnos-salikas\/#breadcrumb","itemListElement":[{"@type":"ListItem","position":1,"name":"Home","item":"https:\/\/mylinensoul.com\/en\/"},{"@type":"ListItem","position":2,"name":"Shop","item":"https:\/\/mylinensoul.com\/shop\/"},{"@type":"ListItem","position":3,"name":"Merino vilnos \u0161alikas"}]},{"@type":"WebSite","@id":"https:\/\/mylinensoul.com\/#website","url":"https:\/\/mylinensoul.com\/","name":"My Linen Soul","description":"Skin soft linen clothes, accessories, bedding &amp; kitchen","potentialAction":[{"@type":"SearchAction","target":{"@type":"EntryPoint","urlTemplate":"https:\/\/mylinensoul.com\/?s={search_term_string}"},"query-input":{"@type":"PropertyValueSpecification","valueRequired":true,"valueName":"search_term_string"}}],"inLanguage":"en-US"}]}},"_links":{"self":[{"href":"https:\/\/mylinensoul.com\/en\/wp-json\/wp\/v2\/product\/1599","targetHints":{"allow":["GET"]}}],"collection":[{"href":"https:\/\/mylinensoul.com\/en\/wp-json\/wp\/v2\/product"}],"about":[{"href":"https:\/\/mylinensoul.com\/en\/wp-json\/wp\/v2\/types\/product"}],"replies":[{"embeddable":true,"href":"https:\/\/mylinensoul.com\/en\/wp-json\/wp\/v2\/comments?post=1599"}],"version-history":[{"count":1,"href":"https:\/\/mylinensoul.com\/en\/wp-json\/wp\/v2\/product\/1599\/revisions"}],"predecessor-version":[{"id":111396,"href":"https:\/\/mylinensoul.com\/en\/wp-json\/wp\/v2\/product\/1599\/revisions\/111396"}],"wp:featuredmedia":[{"embeddable":true,"href":"https:\/\/mylinensoul.com\/en\/wp-json\/wp\/v2\/media\/1601"}],"wp:attachment":[{"href":"https:\/\/mylinensoul.com\/en\/wp-json\/wp\/v2\/media?parent=1599"}],"wp:term":[{"taxonomy":"product_brand","embeddable":true,"href":"https:\/\/mylinensoul.com\/en\/wp-json\/wp\/v2\/product_brand?post=1599"},{"taxonomy":"product_cat","embeddable":true,"href":"https:\/\/mylinensoul.com\/en\/wp-json\/wp\/v2\/product_cat?post=1599"},{"taxonomy":"product_tag","embeddable":true,"href":"https:\/\/mylinensoul.com\/en\/wp-json\/wp\/v2\/product_tag?post=1599"}],"curies":[{"name":"wp","href":"https:\/\/api.w.org\/{rel}","templated":true}]}}