{"id":12597,"date":"2023-03-19T20:19:18","date_gmt":"2023-03-19T20:19:18","guid":{"rendered":"https:\/\/mylinensoul.com\/product\/ilga-linine-suknele-su-raukiniais\/"},"modified":"2025-04-15T13:06:32","modified_gmt":"2025-04-15T13:06:32","slug":"long-linen-dress-with-ruffles","status":"publish","type":"product","link":"https:\/\/mylinensoul.com\/en\/product\/long-linen-dress-with-ruffles\/","title":{"rendered":"Long linen dress with ruffles"},"content":{"rendered":"<p><strong>LINEN care instructions:<\/strong><\/p>\n<p>\u00b7 Wash your linen at max. 30\u00b0C with similar colours.<\/p>\n<p>\u00b7 Do not tumble dry, do not bleach.<\/p>\n<p>\u00b7 Iron at high heat with steam on slightly damp linen.<\/p>\n","protected":false},"excerpt":{"rendered":"<p>100% pure linen long and elegant boho mood dress has two pockets and removable belt. Ruffle sleeves delivers romantic style.<\/p>\n<p>Dress length 137 &#8211; 140 cm<\/p>\n<p>Model is 172 cm, dress size S<\/p>\n<p><strong>Composition:<\/strong> 100% linen<\/p>\n","protected":false},"featured_media":12439,"comment_status":"open","ping_status":"closed","template":"","meta":{"_acf_changed":false,"footnotes":""},"product_brand":[],"product_cat":[70,72,71],"product_tag":[],"class_list":{"0":"post-12597","1":"product","2":"type-product","3":"status-publish","4":"has-post-thumbnail","6":"product_cat-linen-clothing","7":"product_cat-linen-dresses","8":"product_cat-womens-clothing","9":"description-off","11":"first","12":"instock","13":"shipping-taxable","14":"product-type-variable"},"acf":[],"yoast_head":"<!-- This site is optimized with the Yoast SEO plugin v26.6 - https:\/\/yoast.com\/wordpress\/plugins\/seo\/ -->\n<title>Long linen dress with ruffles - My Linen Soul<\/title>\n<meta name=\"description\" content=\"100% natural linen fabric long and egelant dress is Inspired by boho style. Lovely linen dress has two pockets and removable belt. Handmade in Lithuania.\" \/>\n<meta name=\"robots\" content=\"index, follow, max-snippet:-1, max-image-preview:large, max-video-preview:-1\" \/>\n<link rel=\"canonical\" href=\"https:\/\/mylinensoul.com\/product\/ilga-linine-suknele-su-raukiniais\/\" \/>\n<meta property=\"og:locale\" content=\"en_US\" \/>\n<meta property=\"og:type\" content=\"article\" \/>\n<meta property=\"og:title\" content=\"Long linen dress with ruffles - My Linen Soul\" \/>\n<meta property=\"og:description\" content=\"100% natural linen fabric long and egelant dress is Inspired by boho style. Lovely linen dress has two pockets and removable belt. Handmade in Lithuania.\" \/>\n<meta property=\"og:url\" content=\"https:\/\/mylinensoul.com\/product\/ilga-linine-suknele-su-raukiniais\/\" \/>\n<meta property=\"og:site_name\" content=\"My Linen Soul\" \/>\n<meta property=\"article:modified_time\" content=\"2025-04-15T13:06:32+00:00\" \/>\n<meta property=\"og:image\" content=\"https:\/\/mylinensoul.com\/wp-content\/uploads\/2023\/03\/minimalistine-linine-suknele-moterims1.jpg\" \/>\n\t<meta property=\"og:image:width\" content=\"1707\" \/>\n\t<meta property=\"og:image:height\" content=\"2560\" \/>\n\t<meta property=\"og:image:type\" content=\"image\/jpeg\" \/>\n<meta name=\"twitter:card\" content=\"summary_large_image\" \/>\n<meta name=\"twitter:label1\" content=\"Est. reading time\" \/>\n\t<meta name=\"twitter:data1\" content=\"1 minute\" \/>\n<script type=\"application\/ld+json\" class=\"yoast-schema-graph\">{\"@context\":\"https:\/\/schema.org\",\"@graph\":[{\"@type\":\"WebPage\",\"@id\":\"https:\/\/mylinensoul.com\/product\/ilga-linine-suknele-su-raukiniais\/\",\"url\":\"https:\/\/mylinensoul.com\/product\/ilga-linine-suknele-su-raukiniais\/\",\"name\":\"Long linen dress with ruffles - My Linen Soul\",\"isPartOf\":{\"@id\":\"https:\/\/mylinensoul.com\/#website\"},\"primaryImageOfPage\":{\"@id\":\"https:\/\/mylinensoul.com\/product\/ilga-linine-suknele-su-raukiniais\/#primaryimage\"},\"image\":{\"@id\":\"https:\/\/mylinensoul.com\/product\/ilga-linine-suknele-su-raukiniais\/#primaryimage\"},\"thumbnailUrl\":\"https:\/\/mylinensoul.com\/wp-content\/uploads\/2023\/03\/minimalistine-linine-suknele-moterims1.jpg\",\"datePublished\":\"2023-03-19T20:19:18+00:00\",\"dateModified\":\"2025-04-15T13:06:32+00:00\",\"description\":\"100% natural linen fabric long and egelant dress is Inspired by boho style. Lovely linen dress has two pockets and removable belt. Handmade in Lithuania.\",\"breadcrumb\":{\"@id\":\"https:\/\/mylinensoul.com\/product\/ilga-linine-suknele-su-raukiniais\/#breadcrumb\"},\"inLanguage\":\"en-US\",\"potentialAction\":[{\"@type\":\"ReadAction\",\"target\":[\"https:\/\/mylinensoul.com\/product\/ilga-linine-suknele-su-raukiniais\/\"]}]},{\"@type\":\"ImageObject\",\"inLanguage\":\"en-US\",\"@id\":\"https:\/\/mylinensoul.com\/product\/ilga-linine-suknele-su-raukiniais\/#primaryimage\",\"url\":\"https:\/\/mylinensoul.com\/wp-content\/uploads\/2023\/03\/minimalistine-linine-suknele-moterims1.jpg\",\"contentUrl\":\"https:\/\/mylinensoul.com\/wp-content\/uploads\/2023\/03\/minimalistine-linine-suknele-moterims1.jpg\",\"width\":1707,\"height\":2560,\"caption\":\"minimalistin\u0117 linin\u0117 suknel\u0117 moterims\"},{\"@type\":\"BreadcrumbList\",\"@id\":\"https:\/\/mylinensoul.com\/product\/ilga-linine-suknele-su-raukiniais\/#breadcrumb\",\"itemListElement\":[{\"@type\":\"ListItem\",\"position\":1,\"name\":\"Home\",\"item\":\"https:\/\/mylinensoul.com\/en\/\"},{\"@type\":\"ListItem\",\"position\":2,\"name\":\"Shop\",\"item\":\"https:\/\/mylinensoul.com\/shop\/\"},{\"@type\":\"ListItem\",\"position\":3,\"name\":\"Long linen dress with ruffles\"}]},{\"@type\":\"WebSite\",\"@id\":\"https:\/\/mylinensoul.com\/#website\",\"url\":\"https:\/\/mylinensoul.com\/\",\"name\":\"My Linen Soul\",\"description\":\"Skin soft linen clothes, accessories, bedding &amp; kitchen\",\"potentialAction\":[{\"@type\":\"SearchAction\",\"target\":{\"@type\":\"EntryPoint\",\"urlTemplate\":\"https:\/\/mylinensoul.com\/?s={search_term_string}\"},\"query-input\":{\"@type\":\"PropertyValueSpecification\",\"valueRequired\":true,\"valueName\":\"search_term_string\"}}],\"inLanguage\":\"en-US\"}]}<\/script>\n<!-- \/ Yoast SEO plugin. -->","yoast_head_json":{"title":"Long linen dress with ruffles - My Linen Soul","description":"100% natural linen fabric long and egelant dress is Inspired by boho style. Lovely linen dress has two pockets and removable belt. Handmade in Lithuania.","robots":{"index":"index","follow":"follow","max-snippet":"max-snippet:-1","max-image-preview":"max-image-preview:large","max-video-preview":"max-video-preview:-1"},"canonical":"https:\/\/mylinensoul.com\/product\/ilga-linine-suknele-su-raukiniais\/","og_locale":"en_US","og_type":"article","og_title":"Long linen dress with ruffles - My Linen Soul","og_description":"100% natural linen fabric long and egelant dress is Inspired by boho style. Lovely linen dress has two pockets and removable belt. Handmade in Lithuania.","og_url":"https:\/\/mylinensoul.com\/product\/ilga-linine-suknele-su-raukiniais\/","og_site_name":"My Linen Soul","article_modified_time":"2025-04-15T13:06:32+00:00","og_image":[{"width":1707,"height":2560,"url":"https:\/\/mylinensoul.com\/wp-content\/uploads\/2023\/03\/minimalistine-linine-suknele-moterims1.jpg","type":"image\/jpeg"}],"twitter_card":"summary_large_image","twitter_misc":{"Est. reading time":"1 minute"},"schema":{"@context":"https:\/\/schema.org","@graph":[{"@type":"WebPage","@id":"https:\/\/mylinensoul.com\/product\/ilga-linine-suknele-su-raukiniais\/","url":"https:\/\/mylinensoul.com\/product\/ilga-linine-suknele-su-raukiniais\/","name":"Long linen dress with ruffles - My Linen Soul","isPartOf":{"@id":"https:\/\/mylinensoul.com\/#website"},"primaryImageOfPage":{"@id":"https:\/\/mylinensoul.com\/product\/ilga-linine-suknele-su-raukiniais\/#primaryimage"},"image":{"@id":"https:\/\/mylinensoul.com\/product\/ilga-linine-suknele-su-raukiniais\/#primaryimage"},"thumbnailUrl":"https:\/\/mylinensoul.com\/wp-content\/uploads\/2023\/03\/minimalistine-linine-suknele-moterims1.jpg","datePublished":"2023-03-19T20:19:18+00:00","dateModified":"2025-04-15T13:06:32+00:00","description":"100% natural linen fabric long and egelant dress is Inspired by boho style. Lovely linen dress has two pockets and removable belt. Handmade in Lithuania.","breadcrumb":{"@id":"https:\/\/mylinensoul.com\/product\/ilga-linine-suknele-su-raukiniais\/#breadcrumb"},"inLanguage":"en-US","potentialAction":[{"@type":"ReadAction","target":["https:\/\/mylinensoul.com\/product\/ilga-linine-suknele-su-raukiniais\/"]}]},{"@type":"ImageObject","inLanguage":"en-US","@id":"https:\/\/mylinensoul.com\/product\/ilga-linine-suknele-su-raukiniais\/#primaryimage","url":"https:\/\/mylinensoul.com\/wp-content\/uploads\/2023\/03\/minimalistine-linine-suknele-moterims1.jpg","contentUrl":"https:\/\/mylinensoul.com\/wp-content\/uploads\/2023\/03\/minimalistine-linine-suknele-moterims1.jpg","width":1707,"height":2560,"caption":"minimalistin\u0117 linin\u0117 suknel\u0117 moterims"},{"@type":"BreadcrumbList","@id":"https:\/\/mylinensoul.com\/product\/ilga-linine-suknele-su-raukiniais\/#breadcrumb","itemListElement":[{"@type":"ListItem","position":1,"name":"Home","item":"https:\/\/mylinensoul.com\/en\/"},{"@type":"ListItem","position":2,"name":"Shop","item":"https:\/\/mylinensoul.com\/shop\/"},{"@type":"ListItem","position":3,"name":"Long linen dress with ruffles"}]},{"@type":"WebSite","@id":"https:\/\/mylinensoul.com\/#website","url":"https:\/\/mylinensoul.com\/","name":"My Linen Soul","description":"Skin soft linen clothes, accessories, bedding &amp; kitchen","potentialAction":[{"@type":"SearchAction","target":{"@type":"EntryPoint","urlTemplate":"https:\/\/mylinensoul.com\/?s={search_term_string}"},"query-input":{"@type":"PropertyValueSpecification","valueRequired":true,"valueName":"search_term_string"}}],"inLanguage":"en-US"}]}},"_links":{"self":[{"href":"https:\/\/mylinensoul.com\/en\/wp-json\/wp\/v2\/product\/12597","targetHints":{"allow":["GET"]}}],"collection":[{"href":"https:\/\/mylinensoul.com\/en\/wp-json\/wp\/v2\/product"}],"about":[{"href":"https:\/\/mylinensoul.com\/en\/wp-json\/wp\/v2\/types\/product"}],"replies":[{"embeddable":true,"href":"https:\/\/mylinensoul.com\/en\/wp-json\/wp\/v2\/comments?post=12597"}],"version-history":[{"count":1,"href":"https:\/\/mylinensoul.com\/en\/wp-json\/wp\/v2\/product\/12597\/revisions"}],"predecessor-version":[{"id":111365,"href":"https:\/\/mylinensoul.com\/en\/wp-json\/wp\/v2\/product\/12597\/revisions\/111365"}],"wp:featuredmedia":[{"embeddable":true,"href":"https:\/\/mylinensoul.com\/en\/wp-json\/wp\/v2\/media\/12439"}],"wp:attachment":[{"href":"https:\/\/mylinensoul.com\/en\/wp-json\/wp\/v2\/media?parent=12597"}],"wp:term":[{"taxonomy":"product_brand","embeddable":true,"href":"https:\/\/mylinensoul.com\/en\/wp-json\/wp\/v2\/product_brand?post=12597"},{"taxonomy":"product_cat","embeddable":true,"href":"https:\/\/mylinensoul.com\/en\/wp-json\/wp\/v2\/product_cat?post=12597"},{"taxonomy":"product_tag","embeddable":true,"href":"https:\/\/mylinensoul.com\/en\/wp-json\/wp\/v2\/product_tag?post=12597"}],"curies":[{"name":"wp","href":"https:\/\/api.w.org\/{rel}","templated":true}]}}