{"id":1246,"date":"2022-10-26T20:36:43","date_gmt":"2022-10-26T20:36:43","guid":{"rendered":"https:\/\/mylinensoul.com\/?page_id=1246"},"modified":"2025-01-31T14:30:14","modified_gmt":"2025-01-31T14:30:14","slug":"contact-us","status":"publish","type":"page","link":"https:\/\/mylinensoul.com\/en\/contact-us\/","title":{"rendered":"Contact Us"},"content":{"rendered":"<div class=\"wpb-content-wrapper\"><p>[vc_row css=&#8221;.vc_custom_1738333790087{padding-top: 40px !important;}&#8221;][vc_column width=&#8221;1\/2&#8243;][vc_custom_heading text=&#8221;Company details&#8221; use_theme_fonts=&#8221;yes&#8221; css=&#8221;.vc_custom_1669847751937{margin-bottom: 30px !important;}&#8221;][vc_column_text]<strong>MB \u017didr\u0117s artel\u0117<\/strong><br \/>\nRegistration Code: 305572638<br \/>\nAddress: Sl\u0117nio g. 4, \u0160eimyni\u0161kiai, Lt-28402 Utenos r.<br \/>\nPhone number: +370 634 23409<br \/>\nEmail: <a href=\"mailto:info@mylinensoul.com\">info@mylinensoul.com <\/a>[\/vc_column_text][\/vc_column][vc_column width=&#8221;1\/2&#8243;][vc_custom_heading text=&#8221;Write Us&#8221; use_theme_fonts=&#8221;yes&#8221;]<div class=\"wpforms-container wpforms-container-full\" id=\"wpforms-1768\"><form id=\"wpforms-form-1768\" class=\"wpforms-validate wpforms-form wpforms-ajax-form\" data-formid=\"1768\" method=\"post\" enctype=\"multipart\/form-data\" action=\"\/en\/wp-json\/wp\/v2\/pages\/1246\" data-token=\"ef3af9c9e1d0a96fde8fd122ec15b437\" data-token-time=\"1775316602\"><noscript class=\"wpforms-error-noscript\">Please enable JavaScript in your browser to complete this form.<\/noscript><div class=\"wpforms-field-container\"><div id=\"wpforms-1768-field_1-container\" class=\"wpforms-field wpforms-field-text\" data-field-id=\"1\"><label class=\"wpforms-field-label\" for=\"wpforms-1768-field_1\">Your Name <span class=\"wpforms-required-label\">*<\/span><\/label><input type=\"text\" id=\"wpforms-1768-field_1\" class=\"wpforms-field-large wpforms-field-required\" name=\"wpforms[fields][1]\" required><\/div><div id=\"wpforms-1768-field_2-container\" class=\"wpforms-field wpforms-field-email\" data-field-id=\"2\"><label class=\"wpforms-field-label\" for=\"wpforms-1768-field_2\">Email <span class=\"wpforms-required-label\">*<\/span><\/label><input type=\"email\" id=\"wpforms-1768-field_2\" class=\"wpforms-field-large wpforms-field-required\" name=\"wpforms[fields][2]\" spellcheck=\"false\" required><\/div><div id=\"wpforms-1768-field_3-container\" class=\"wpforms-field wpforms-field-textarea\" data-field-id=\"3\"><label class=\"wpforms-field-label\" for=\"wpforms-1768-field_3\">Your Message <span class=\"wpforms-required-label\">*<\/span><\/label><textarea id=\"wpforms-1768-field_3\" class=\"wpforms-field-medium wpforms-field-required\" name=\"wpforms[fields][3]\" required><\/textarea><\/div><div id=\"wpforms-1768-field_4-container\" class=\"wpforms-field wpforms-field-checkbox\" data-field-id=\"4\"><label class=\"wpforms-field-label wpforms-label-hide\">Privacy <span class=\"wpforms-required-label\">*<\/span><\/label><ul id=\"wpforms-1768-field_4\" class=\"wpforms-field-required\"><li class=\"choice-1 depth-1\"><input type=\"checkbox\" id=\"wpforms-1768-field_4_1\" name=\"wpforms[fields][4][]\" value=\"I agree with &lt;a href=&quot;https:\/\/mylinensoul.com\/privacy-policy\/&quot; target=&quot;_blank&quot;&gt;Privacy Policy&lt;\/a&gt;.\" required ><label class=\"wpforms-field-label-inline\" for=\"wpforms-1768-field_4_1\">I agree with <a href=\"https:\/\/mylinensoul.com\/privacy-policy\/\" target=\"_blank\">Privacy Policy<\/a>.<\/label><\/li><\/ul><\/div><\/div><!-- .wpforms-field-container --><div class=\"wpforms-submit-container\" ><input type=\"hidden\" name=\"wpforms[id]\" value=\"1768\"><input type=\"hidden\" name=\"page_title\" value=\"\"><input type=\"hidden\" name=\"page_url\" value=\"https:\/\/mylinensoul.com\/en\/wp-json\/wp\/v2\/pages\/1246\"><input type=\"hidden\" name=\"url_referer\" value=\"\"><button type=\"submit\" name=\"wpforms[submit]\" id=\"wpforms-submit-1768\" class=\"wpforms-submit\" data-alt-text=\"Sending...\" data-submit-text=\"Submit\" aria-live=\"assertive\" value=\"wpforms-submit\">Submit<\/button><img loading=\"lazy\" decoding=\"async\" src=\"https:\/\/mylinensoul.com\/wp-content\/plugins\/wpforms-lite\/assets\/images\/submit-spin.svg\" class=\"wpforms-submit-spinner\" style=\"display: none;\" width=\"26\" height=\"26\" alt=\"Loading\"><\/div><\/form><\/div>  <!-- .wpforms-container -->[\/vc_column][\/vc_row]<\/p>\n<\/div>","protected":false},"excerpt":{"rendered":"<p>[vc_row css=&#8221;.vc_custom_1738333790087{padding-top: 40px !important;}&#8221;][vc_column width=&#8221;1\/2&#8243;][vc_custom_heading text=&#8221;Company details&#8221; use_theme_fonts=&#8221;yes&#8221; css=&#8221;.vc_custom_1669847751937{margin-bottom: 30px !important;}&#8221;][vc_column_text]MB \u017didr\u0117s artel\u0117 Registration Code: 305572638 Address: Sl\u0117nio g. 4, \u0160eimyni\u0161kiai, Lt-28402 Utenos r. Phone number: +370 634 23409 Email: info@mylinensoul.com [\/vc_column_text][\/vc_column][vc_column width=&#8221;1\/2&#8243;][vc_custom_heading text=&#8221;Write Us&#8221; use_theme_fonts=&#8221;yes&#8221;][\/vc_column][\/vc_row]<\/p>\n","protected":false},"author":5,"featured_media":0,"parent":0,"menu_order":0,"comment_status":"closed","ping_status":"closed","template":"","meta":{"_acf_changed":false,"footnotes":""},"class_list":["post-1246","page","type-page","status-publish","hentry","description-off"],"acf":[],"yoast_head":"<!-- This site is optimized with the Yoast SEO plugin v26.6 - https:\/\/yoast.com\/wordpress\/plugins\/seo\/ -->\n<title>Contact Us - My Linen Soul<\/title>\n<meta name=\"robots\" content=\"index, follow, max-snippet:-1, max-image-preview:large, max-video-preview:-1\" \/>\n<link rel=\"canonical\" href=\"https:\/\/mylinensoul.com\/kontaktai\/\" \/>\n<meta property=\"og:locale\" content=\"en_US\" \/>\n<meta property=\"og:type\" content=\"article\" \/>\n<meta property=\"og:title\" content=\"Contact Us - My Linen Soul\" \/>\n<meta property=\"og:description\" content=\"[vc_row css=&#8221;.vc_custom_1738333790087{padding-top: 40px !important;}&#8221;][vc_column width=&#8221;1\/2&#8243;][vc_custom_heading text=&#8221;Company details&#8221; use_theme_fonts=&#8221;yes&#8221; css=&#8221;.vc_custom_1669847751937{margin-bottom: 30px !important;}&#8221;][vc_column_text]MB \u017didr\u0117s artel\u0117 Registration Code: 305572638 Address: Sl\u0117nio g. 4, \u0160eimyni\u0161kiai, Lt-28402 Utenos r. Phone number: +370 634 23409 Email: info@mylinensoul.com [\/vc_column_text][\/vc_column][vc_column width=&#8221;1\/2&#8243;][vc_custom_heading text=&#8221;Write Us&#8221; use_theme_fonts=&#8221;yes&#8221;][\/vc_column][\/vc_row]\" \/>\n<meta property=\"og:url\" content=\"https:\/\/mylinensoul.com\/kontaktai\/\" \/>\n<meta property=\"og:site_name\" content=\"My Linen Soul\" \/>\n<meta property=\"article:modified_time\" content=\"2025-01-31T14:30:14+00:00\" \/>\n<meta property=\"og:image\" content=\"https:\/\/mylinensoul.com\/wp-content\/uploads\/2022\/06\/white-crochet-linen-pullover3.jpg\" \/>\n\t<meta property=\"og:image:width\" content=\"1000\" \/>\n\t<meta property=\"og:image:height\" content=\"1500\" \/>\n\t<meta property=\"og:image:type\" content=\"image\/jpeg\" \/>\n<meta name=\"twitter:card\" content=\"summary_large_image\" \/>\n<meta name=\"twitter:label1\" content=\"Est. reading time\" \/>\n\t<meta name=\"twitter:data1\" content=\"1 minute\" \/>\n<script type=\"application\/ld+json\" class=\"yoast-schema-graph\">{\"@context\":\"https:\/\/schema.org\",\"@graph\":[{\"@type\":\"WebPage\",\"@id\":\"https:\/\/mylinensoul.com\/kontaktai\/\",\"url\":\"https:\/\/mylinensoul.com\/kontaktai\/\",\"name\":\"Contact Us - My Linen Soul\",\"isPartOf\":{\"@id\":\"https:\/\/mylinensoul.com\/#website\"},\"datePublished\":\"2022-10-26T20:36:43+00:00\",\"dateModified\":\"2025-01-31T14:30:14+00:00\",\"breadcrumb\":{\"@id\":\"https:\/\/mylinensoul.com\/kontaktai\/#breadcrumb\"},\"inLanguage\":\"en-US\",\"potentialAction\":[{\"@type\":\"ReadAction\",\"target\":[\"https:\/\/mylinensoul.com\/kontaktai\/\"]}]},{\"@type\":\"BreadcrumbList\",\"@id\":\"https:\/\/mylinensoul.com\/kontaktai\/#breadcrumb\",\"itemListElement\":[{\"@type\":\"ListItem\",\"position\":1,\"name\":\"Home\",\"item\":\"https:\/\/mylinensoul.com\/en\/\"},{\"@type\":\"ListItem\",\"position\":2,\"name\":\"Contact Us\"}]},{\"@type\":\"WebSite\",\"@id\":\"https:\/\/mylinensoul.com\/#website\",\"url\":\"https:\/\/mylinensoul.com\/\",\"name\":\"My Linen Soul\",\"description\":\"Skin soft linen clothes, accessories, bedding &amp; kitchen\",\"potentialAction\":[{\"@type\":\"SearchAction\",\"target\":{\"@type\":\"EntryPoint\",\"urlTemplate\":\"https:\/\/mylinensoul.com\/?s={search_term_string}\"},\"query-input\":{\"@type\":\"PropertyValueSpecification\",\"valueRequired\":true,\"valueName\":\"search_term_string\"}}],\"inLanguage\":\"en-US\"}]}<\/script>\n<!-- \/ Yoast SEO plugin. -->","yoast_head_json":{"title":"Contact Us - My Linen Soul","robots":{"index":"index","follow":"follow","max-snippet":"max-snippet:-1","max-image-preview":"max-image-preview:large","max-video-preview":"max-video-preview:-1"},"canonical":"https:\/\/mylinensoul.com\/kontaktai\/","og_locale":"en_US","og_type":"article","og_title":"Contact Us - My Linen Soul","og_description":"[vc_row css=&#8221;.vc_custom_1738333790087{padding-top: 40px !important;}&#8221;][vc_column width=&#8221;1\/2&#8243;][vc_custom_heading text=&#8221;Company details&#8221; use_theme_fonts=&#8221;yes&#8221; css=&#8221;.vc_custom_1669847751937{margin-bottom: 30px !important;}&#8221;][vc_column_text]MB \u017didr\u0117s artel\u0117 Registration Code: 305572638 Address: Sl\u0117nio g. 4, \u0160eimyni\u0161kiai, Lt-28402 Utenos r. Phone number: +370 634 23409 Email: info@mylinensoul.com [\/vc_column_text][\/vc_column][vc_column width=&#8221;1\/2&#8243;][vc_custom_heading text=&#8221;Write Us&#8221; use_theme_fonts=&#8221;yes&#8221;][\/vc_column][\/vc_row]","og_url":"https:\/\/mylinensoul.com\/kontaktai\/","og_site_name":"My Linen Soul","article_modified_time":"2025-01-31T14:30:14+00:00","og_image":[{"width":1000,"height":1500,"url":"https:\/\/mylinensoul.com\/wp-content\/uploads\/2022\/06\/white-crochet-linen-pullover3.jpg","type":"image\/jpeg"}],"twitter_card":"summary_large_image","twitter_misc":{"Est. reading time":"1 minute"},"schema":{"@context":"https:\/\/schema.org","@graph":[{"@type":"WebPage","@id":"https:\/\/mylinensoul.com\/kontaktai\/","url":"https:\/\/mylinensoul.com\/kontaktai\/","name":"Contact Us - My Linen Soul","isPartOf":{"@id":"https:\/\/mylinensoul.com\/#website"},"datePublished":"2022-10-26T20:36:43+00:00","dateModified":"2025-01-31T14:30:14+00:00","breadcrumb":{"@id":"https:\/\/mylinensoul.com\/kontaktai\/#breadcrumb"},"inLanguage":"en-US","potentialAction":[{"@type":"ReadAction","target":["https:\/\/mylinensoul.com\/kontaktai\/"]}]},{"@type":"BreadcrumbList","@id":"https:\/\/mylinensoul.com\/kontaktai\/#breadcrumb","itemListElement":[{"@type":"ListItem","position":1,"name":"Home","item":"https:\/\/mylinensoul.com\/en\/"},{"@type":"ListItem","position":2,"name":"Contact Us"}]},{"@type":"WebSite","@id":"https:\/\/mylinensoul.com\/#website","url":"https:\/\/mylinensoul.com\/","name":"My Linen Soul","description":"Skin soft linen clothes, accessories, bedding &amp; kitchen","potentialAction":[{"@type":"SearchAction","target":{"@type":"EntryPoint","urlTemplate":"https:\/\/mylinensoul.com\/?s={search_term_string}"},"query-input":{"@type":"PropertyValueSpecification","valueRequired":true,"valueName":"search_term_string"}}],"inLanguage":"en-US"}]}},"_links":{"self":[{"href":"https:\/\/mylinensoul.com\/en\/wp-json\/wp\/v2\/pages\/1246","targetHints":{"allow":["GET"]}}],"collection":[{"href":"https:\/\/mylinensoul.com\/en\/wp-json\/wp\/v2\/pages"}],"about":[{"href":"https:\/\/mylinensoul.com\/en\/wp-json\/wp\/v2\/types\/page"}],"author":[{"embeddable":true,"href":"https:\/\/mylinensoul.com\/en\/wp-json\/wp\/v2\/users\/5"}],"replies":[{"embeddable":true,"href":"https:\/\/mylinensoul.com\/en\/wp-json\/wp\/v2\/comments?post=1246"}],"version-history":[{"count":1,"href":"https:\/\/mylinensoul.com\/en\/wp-json\/wp\/v2\/pages\/1246\/revisions"}],"predecessor-version":[{"id":76425,"href":"https:\/\/mylinensoul.com\/en\/wp-json\/wp\/v2\/pages\/1246\/revisions\/76425"}],"wp:attachment":[{"href":"https:\/\/mylinensoul.com\/en\/wp-json\/wp\/v2\/media?parent=1246"}],"curies":[{"name":"wp","href":"https:\/\/api.w.org\/{rel}","templated":true}]}}